{"id":7821,"date":"2022-08-09T15:47:06","date_gmt":"2022-08-09T13:47:06","guid":{"rendered":"https:\/\/www.davidson.mc\/magazine\/monaco-economie\/monaco-economie-118-summary\/"},"modified":"2022-08-09T15:47:07","modified_gmt":"2022-08-09T13:47:07","slug":"monaco-economie-118-summary","status":"publish","type":"page","link":"https:\/\/www.davidson.mc\/en\/magazine\/monaco-economie\/monaco-economie-118-summary\/","title":{"rendered":"Monaco Economie 118 Summary"},"content":{"rendered":"\t\t<div data-elementor-type=\"wp-page\" data-elementor-id=\"7821\" class=\"elementor elementor-7821 elementor-2251\" data-elementor-post-type=\"page\">\n\t\t\t\t\t\t<section class=\"elementor-section elementor-top-section elementor-element elementor-element-8ae5177 elementor-section-boxed elementor-section-height-default elementor-section-height-default\" data-id=\"8ae5177\" data-element_type=\"section\" data-e-type=\"section\">\n\t\t\t\t\t\t<div class=\"elementor-container elementor-column-gap-default\">\n\t\t\t\t\t<div class=\"elementor-column elementor-col-66 elementor-top-column elementor-element elementor-element-e120a24\" data-id=\"e120a24\" data-element_type=\"column\" data-e-type=\"column\">\n\t\t\t<div class=\"elementor-widget-wrap\">\n\t\t\t\t\t\t\t<\/div>\n\t\t<\/div>\n\t\t\t\t<div class=\"elementor-column elementor-col-33 elementor-top-column elementor-element elementor-element-1e2af2d\" data-id=\"1e2af2d\" data-element_type=\"column\" data-e-type=\"column\">\n\t\t\t<div class=\"elementor-widget-wrap\">\n\t\t\t\t\t\t\t<\/div>\n\t\t<\/div>\n\t\t\t\t\t<\/div>\n\t\t<\/section>\n\t\t\t\t<section class=\"elementor-section elementor-top-section elementor-element elementor-element-9e503c4 elementor-section-boxed elementor-section-height-default elementor-section-height-default\" data-id=\"9e503c4\" data-element_type=\"section\" data-e-type=\"section\">\n\t\t\t\t\t\t<div class=\"elementor-container elementor-column-gap-default\">\n\t\t\t\t\t<div class=\"elementor-column elementor-col-100 elementor-top-column elementor-element elementor-element-fbed395\" data-id=\"fbed395\" data-element_type=\"column\" data-e-type=\"column\">\n\t\t\t<div class=\"elementor-widget-wrap elementor-element-populated\">\n\t\t\t\t\t\t<div class=\"elementor-element elementor-element-3a6a9f8 elementor-widget elementor-widget-spacer\" data-id=\"3a6a9f8\" data-element_type=\"widget\" data-e-type=\"widget\" data-widget_type=\"spacer.default\">\n\t\t\t\t<div class=\"elementor-widget-container\">\n\t\t\t\t\t\t\t<div class=\"elementor-spacer\">\n\t\t\t<div class=\"elementor-spacer-inner\"><\/div>\n\t\t<\/div>\n\t\t\t\t\t\t<\/div>\n\t\t\t\t<\/div>\n\t\t\t\t<div class=\"elementor-element elementor-element-47b2714 elementor-widget elementor-widget-heading\" data-id=\"47b2714\" data-element_type=\"widget\" data-e-type=\"widget\" data-widget_type=\"heading.default\">\n\t\t\t\t<div class=\"elementor-widget-container\">\n\t\t\t\t\t<h1 class=\"elementor-heading-title elementor-size-large\">Sommaire<\/h1>\t\t\t\t<\/div>\n\t\t\t\t<\/div>\n\t\t\t\t<div class=\"elementor-element elementor-element-48f9dcb elementor-align-center elementor-widget elementor-widget-button\" data-id=\"48f9dcb\" data-element_type=\"widget\" data-e-type=\"widget\" data-widget_type=\"button.default\">\n\t\t\t\t<div class=\"elementor-widget-container\">\n\t\t\t\t\t\t\t\t\t<div class=\"elementor-button-wrapper\">\n\t\t\t\t\t<a class=\"elementor-button elementor-button-link elementor-size-xs\" href=\"https:\/\/www.davidson.mc\/en\/?page_id=7748\">\n\t\t\t\t\t\t<span class=\"elementor-button-content-wrapper\">\n\t\t\t\t\t\t\t\t\t<span class=\"elementor-button-text\">&lt;&lt; Back<\/span>\n\t\t\t\t\t<\/span>\n\t\t\t\t\t<\/a>\n\t\t\t\t<\/div>\n\t\t\t\t\t\t\t\t<\/div>\n\t\t\t\t<\/div>\n\t\t\t\t\t<\/div>\n\t\t<\/div>\n\t\t\t\t\t<\/div>\n\t\t<\/section>\n\t\t\t\t<section class=\"elementor-section elementor-top-section elementor-element elementor-element-ff3f99f elementor-section-boxed elementor-section-height-default elementor-section-height-default\" data-id=\"ff3f99f\" data-element_type=\"section\" data-e-type=\"section\">\n\t\t\t\t\t\t<div class=\"elementor-container elementor-column-gap-default\">\n\t\t\t\t\t<div class=\"elementor-column elementor-col-33 elementor-top-column elementor-element elementor-element-5b1852d\" data-id=\"5b1852d\" data-element_type=\"column\" data-e-type=\"column\">\n\t\t\t<div class=\"elementor-widget-wrap elementor-element-populated\">\n\t\t\t\t\t\t<div class=\"elementor-element elementor-element-979877f elementor-widget elementor-widget-text-editor\" data-id=\"979877f\" data-element_type=\"widget\" data-e-type=\"widget\" data-widget_type=\"text-editor.default\">\n\t\t\t\t<div class=\"elementor-widget-container\">\n\t\t\t\t\t\t\t\t\t<p style=\"text-align: center;\">En kiosque<br \/><span style=\"color: #dd0000;\">Monaco Economie n\u00b0118<\/span><\/p>\n\t\t\t\t\t\t\t\t<\/div>\n\t\t\t\t<\/div>\n\t\t\t\t\t<\/div>\n\t\t<\/div>\n\t\t\t\t<div class=\"elementor-column elementor-col-33 elementor-top-column elementor-element elementor-element-551f695\" data-id=\"551f695\" data-element_type=\"column\" data-e-type=\"column\">\n\t\t\t<div class=\"elementor-widget-wrap elementor-element-populated\">\n\t\t\t\t\t\t<div class=\"elementor-element elementor-element-2ee1a87 elementor-widget elementor-widget-image\" data-id=\"2ee1a87\" data-element_type=\"widget\" data-e-type=\"widget\" data-widget_type=\"image.default\">\n\t\t\t\t<div class=\"elementor-widget-container\">\n\t\t\t\t\t\t\t\t\t\t\t\t\t\t\t<img fetchpriority=\"high\" decoding=\"async\" width=\"588\" height=\"800\" src=\"https:\/\/www.davidson.mc\/wp-content\/uploads\/2021\/05\/AY3BF7WI84KNT0ERVW6V6BO02PLBCY.jpg\" class=\"attachment-full size-full wp-image-1484\" alt=\"\" srcset=\"https:\/\/www.davidson.mc\/wp-content\/uploads\/2021\/05\/AY3BF7WI84KNT0ERVW6V6BO02PLBCY.jpg 588w, https:\/\/www.davidson.mc\/wp-content\/uploads\/2021\/05\/AY3BF7WI84KNT0ERVW6V6BO02PLBCY-221x300.jpg 221w\" sizes=\"(max-width: 588px) 100vw, 588px\" \/>\t\t\t\t\t\t\t\t\t\t\t\t\t\t\t<\/div>\n\t\t\t\t<\/div>\n\t\t\t\t\t<\/div>\n\t\t<\/div>\n\t\t\t\t<div class=\"elementor-column elementor-col-33 elementor-top-column elementor-element elementor-element-31ff20d\" data-id=\"31ff20d\" data-element_type=\"column\" data-e-type=\"column\">\n\t\t\t<div class=\"elementor-widget-wrap elementor-element-populated\">\n\t\t\t\t\t\t<div class=\"elementor-element elementor-element-b470db5 elementor-widget elementor-widget-text-editor\" data-id=\"b470db5\" data-element_type=\"widget\" data-e-type=\"widget\" data-widget_type=\"text-editor.default\">\n\t\t\t\t<div class=\"elementor-widget-container\">\n\t\t\t\t\t\t\t\t\t<p style=\"text-align: center;\"><span style=\"color: #dd0000;\">21 avril 2021<\/span><\/p>\n\t\t\t\t\t\t\t\t<\/div>\n\t\t\t\t<\/div>\n\t\t\t\t\t<\/div>\n\t\t<\/div>\n\t\t\t\t\t<\/div>\n\t\t<\/section>\n\t\t\t\t<section class=\"elementor-section elementor-top-section elementor-element elementor-element-e68a10f elementor-section-boxed elementor-section-height-default elementor-section-height-default\" data-id=\"e68a10f\" data-element_type=\"section\" data-e-type=\"section\">\n\t\t\t\t\t\t<div class=\"elementor-container elementor-column-gap-default\">\n\t\t\t\t\t<div class=\"elementor-column elementor-col-100 elementor-top-column elementor-element elementor-element-e8234a3\" data-id=\"e8234a3\" data-element_type=\"column\" data-e-type=\"column\">\n\t\t\t<div class=\"elementor-widget-wrap elementor-element-populated\">\n\t\t\t\t\t\t<div class=\"elementor-element elementor-element-7774b26 elementor-widget-divider--view-line elementor-widget elementor-widget-divider\" data-id=\"7774b26\" data-element_type=\"widget\" data-e-type=\"widget\" data-widget_type=\"divider.default\">\n\t\t\t\t<div class=\"elementor-widget-container\">\n\t\t\t\t\t\t\t<div class=\"elementor-divider\">\n\t\t\t<span class=\"elementor-divider-separator\">\n\t\t\t\t\t\t<\/span>\n\t\t<\/div>\n\t\t\t\t\t\t<\/div>\n\t\t\t\t<\/div>\n\t\t\t\t<div class=\"elementor-element elementor-element-7e81140 elementor-widget elementor-widget-text-editor\" data-id=\"7e81140\" data-element_type=\"widget\" data-e-type=\"widget\" data-widget_type=\"text-editor.default\">\n\t\t\t\t<div class=\"elementor-widget-container\">\n\t\t\t\t\t\t\t\t\t<p><img decoding=\"async\" class=\"alignnone wp-image-3338 size-full\" src=\"https:\/\/www.davidson.mc\/wp-content\/uploads\/2021\/10\/leader.jpg\" alt=\"\" width=\"200\" height=\"29\" \/><\/p>\n<ul>\n<li><a href=\"#\">Pierre DARTOUT, Ministre d\u2019Etat \u00ab Il n\u2019y a pas de libert\u00e9 sans s\u00e9curit\u00e9 \u00bb<\/a><\/li>\n<\/ul>\n\t\t\t\t\t\t\t\t<\/div>\n\t\t\t\t<\/div>\n\t\t\t\t<div class=\"elementor-element elementor-element-7a0cf69 elementor-widget-divider--view-line elementor-widget elementor-widget-divider\" data-id=\"7a0cf69\" data-element_type=\"widget\" data-e-type=\"widget\" data-widget_type=\"divider.default\">\n\t\t\t\t<div class=\"elementor-widget-container\">\n\t\t\t\t\t\t\t<div class=\"elementor-divider\">\n\t\t\t<span class=\"elementor-divider-separator\">\n\t\t\t\t\t\t<\/span>\n\t\t<\/div>\n\t\t\t\t\t\t<\/div>\n\t\t\t\t<\/div>\n\t\t\t\t<div class=\"elementor-element elementor-element-a04c987 elementor-widget elementor-widget-text-editor\" data-id=\"a04c987\" data-element_type=\"widget\" data-e-type=\"widget\" data-widget_type=\"text-editor.default\">\n\t\t\t\t<div class=\"elementor-widget-container\">\n\t\t\t\t\t\t\t\t\t<p><img decoding=\"async\" class=\"alignnone wp-image-3340 size-full\" src=\"https:\/\/www.davidson.mc\/wp-content\/uploads\/2021\/10\/zoom.jpg\" alt=\"\" width=\"200\" height=\"29\" \/><\/p>\n<ul>\n<li><a href=\"#\">Le monde des ench\u00e8res s\u2019adapte \u00e0 la crise sanitaire<\/a><\/li>\n<li><a href=\"#\">HVMC: Bient\u00f4t une r\u00e9forme de la loi?<\/a><\/li>\n<li><a href=\"#\">Unda Maris : une vente exceptionnelle\u2026 aux bougies<\/a><\/li>\n<li><a href=\"#\">Wannenes Art Contact \u00ab Se laisser prendre par l\u2019euphorie des ench\u00e8res ! \u00bb<\/a><\/li>\n<li>Artcurial \u00ab Le luxe est compl\u00e9mentaire avec le march\u00e9 de l\u2019art \u00bb<\/li>\n<li>Suisscourtage \u00ab Le plus gros risque est li\u00e9 aux transports \u00bb<\/li>\n<li>Monaco Legend Group : Les garde-temps de luxe ont la cote<\/li>\n<\/ul>\n\t\t\t\t\t\t\t\t<\/div>\n\t\t\t\t<\/div>\n\t\t\t\t<div class=\"elementor-element elementor-element-fce2ef4 elementor-widget-divider--view-line elementor-widget elementor-widget-divider\" data-id=\"fce2ef4\" data-element_type=\"widget\" data-e-type=\"widget\" data-widget_type=\"divider.default\">\n\t\t\t\t<div class=\"elementor-widget-container\">\n\t\t\t\t\t\t\t<div class=\"elementor-divider\">\n\t\t\t<span class=\"elementor-divider-separator\">\n\t\t\t\t\t\t<\/span>\n\t\t<\/div>\n\t\t\t\t\t\t<\/div>\n\t\t\t\t<\/div>\n\t\t\t\t<div class=\"elementor-element elementor-element-e16d932 elementor-widget elementor-widget-text-editor\" data-id=\"e16d932\" data-element_type=\"widget\" data-e-type=\"widget\" data-widget_type=\"text-editor.default\">\n\t\t\t\t<div class=\"elementor-widget-container\">\n\t\t\t\t\t\t\t\t\t<p><img loading=\"lazy\" decoding=\"async\" class=\"alignnone wp-image-3342 size-full\" src=\"https:\/\/www.davidson.mc\/wp-content\/uploads\/2021\/10\/news.jpg\" alt=\"\" width=\"200\" height=\"29\" \/><\/p>\n<ul>\n<li>LTP Technologies partenaire de la transformation num\u00e9rique<\/li>\n<li>Un cachet \u00e9lectronique pour 120 euros pour 3 ans<\/li>\n<li>Les femmes, premi\u00e8res victimes des maladies cardio-vasculaires<\/li>\n<\/ul>\n\t\t\t\t\t\t\t\t<\/div>\n\t\t\t\t<\/div>\n\t\t\t\t<div class=\"elementor-element elementor-element-c83f9d6 elementor-widget-divider--view-line elementor-widget elementor-widget-divider\" data-id=\"c83f9d6\" data-element_type=\"widget\" data-e-type=\"widget\" data-widget_type=\"divider.default\">\n\t\t\t\t<div class=\"elementor-widget-container\">\n\t\t\t\t\t\t\t<div class=\"elementor-divider\">\n\t\t\t<span class=\"elementor-divider-separator\">\n\t\t\t\t\t\t<\/span>\n\t\t<\/div>\n\t\t\t\t\t\t<\/div>\n\t\t\t\t<\/div>\n\t\t\t\t<div class=\"elementor-element elementor-element-c90d439 elementor-widget elementor-widget-text-editor\" data-id=\"c90d439\" data-element_type=\"widget\" data-e-type=\"widget\" data-widget_type=\"text-editor.default\">\n\t\t\t\t<div class=\"elementor-widget-container\">\n\t\t\t\t\t\t\t\t\t<p><img loading=\"lazy\" decoding=\"async\" class=\"alignnone wp-image-3344 size-full\" src=\"https:\/\/www.davidson.mc\/wp-content\/uploads\/2021\/10\/economie.jpg\" alt=\"\" width=\"200\" height=\"29\" \/><\/p>\n<ul>\n<li><a href=\"#\">Comment le yachting surmonte les crises<\/a><\/li>\n<li><a href=\"#\">Bilan \u00e9conomique de l\u2019ann\u00e9e 2020 -IMSEE<\/a><\/li>\n<li><a href=\"#\">MEB &#8211; \u00ab Il faut l\u00e2cher prise ! \u00bb<\/a><\/li>\n<li><a href=\"#\">MEB \u00ab Les outils d\u2019analyse de donn\u00e9es sont essentiels \u00bb<\/a><\/li>\n<\/ul>\n\t\t\t\t\t\t\t\t<\/div>\n\t\t\t\t<\/div>\n\t\t\t\t<div class=\"elementor-element elementor-element-7692dbf elementor-widget-divider--view-line elementor-widget elementor-widget-divider\" data-id=\"7692dbf\" data-element_type=\"widget\" data-e-type=\"widget\" data-widget_type=\"divider.default\">\n\t\t\t\t<div class=\"elementor-widget-container\">\n\t\t\t\t\t\t\t<div class=\"elementor-divider\">\n\t\t\t<span class=\"elementor-divider-separator\">\n\t\t\t\t\t\t<\/span>\n\t\t<\/div>\n\t\t\t\t\t\t<\/div>\n\t\t\t\t<\/div>\n\t\t\t\t<div class=\"elementor-element elementor-element-1462618 elementor-widget elementor-widget-text-editor\" data-id=\"1462618\" data-element_type=\"widget\" data-e-type=\"widget\" data-widget_type=\"text-editor.default\">\n\t\t\t\t<div class=\"elementor-widget-container\">\n\t\t\t\t\t\t\t\t\t<p><img loading=\"lazy\" decoding=\"async\" class=\"alignnone wp-image-3346 size-full\" src=\"https:\/\/www.davidson.mc\/wp-content\/uploads\/2021\/10\/update.jpg\" alt=\"\" width=\"200\" height=\"29\" \/><\/p>\n<ul>\n<li><a href=\"#\">???<\/a><\/li>\n<\/ul>\n\t\t\t\t\t\t\t\t<\/div>\n\t\t\t\t<\/div>\n\t\t\t\t<div class=\"elementor-element elementor-element-e324f40 elementor-widget-divider--view-line elementor-widget elementor-widget-divider\" data-id=\"e324f40\" data-element_type=\"widget\" data-e-type=\"widget\" data-widget_type=\"divider.default\">\n\t\t\t\t<div class=\"elementor-widget-container\">\n\t\t\t\t\t\t\t<div class=\"elementor-divider\">\n\t\t\t<span class=\"elementor-divider-separator\">\n\t\t\t\t\t\t<\/span>\n\t\t<\/div>\n\t\t\t\t\t\t<\/div>\n\t\t\t\t<\/div>\n\t\t\t\t<div class=\"elementor-element elementor-element-ea7d164 elementor-widget elementor-widget-text-editor\" data-id=\"ea7d164\" data-element_type=\"widget\" data-e-type=\"widget\" data-widget_type=\"text-editor.default\">\n\t\t\t\t<div class=\"elementor-widget-container\">\n\t\t\t\t\t\t\t\t\t<p><img loading=\"lazy\" decoding=\"async\" class=\"alignnone wp-image-3348 size-full\" src=\"https:\/\/www.davidson.mc\/wp-content\/uploads\/2021\/10\/portrait.jpg\" alt=\"\" width=\"200\" height=\"29\" \/><\/p>\n<ul>\n<li><a href=\"#\">???<\/a><\/li>\n<\/ul>\n\t\t\t\t\t\t\t\t<\/div>\n\t\t\t\t<\/div>\n\t\t\t\t<div class=\"elementor-element elementor-element-94a0ad8 elementor-widget-divider--view-line elementor-widget elementor-widget-divider\" data-id=\"94a0ad8\" data-element_type=\"widget\" data-e-type=\"widget\" data-widget_type=\"divider.default\">\n\t\t\t\t<div class=\"elementor-widget-container\">\n\t\t\t\t\t\t\t<div class=\"elementor-divider\">\n\t\t\t<span class=\"elementor-divider-separator\">\n\t\t\t\t\t\t<\/span>\n\t\t<\/div>\n\t\t\t\t\t\t<\/div>\n\t\t\t\t<\/div>\n\t\t\t\t<div class=\"elementor-element elementor-element-6851645 elementor-widget elementor-widget-text-editor\" data-id=\"6851645\" data-element_type=\"widget\" data-e-type=\"widget\" data-widget_type=\"text-editor.default\">\n\t\t\t\t<div class=\"elementor-widget-container\">\n\t\t\t\t\t\t\t\t\t<p><img loading=\"lazy\" decoding=\"async\" class=\"alignnone wp-image-3350 size-full\" src=\"https:\/\/www.davidson.mc\/wp-content\/uploads\/2021\/10\/what-else.jpg\" alt=\"\" width=\"200\" height=\"29\" \/><\/p>\n<ul>\n<li><a href=\"#\">???<\/a><\/li>\n<\/ul>\n\t\t\t\t\t\t\t\t<\/div>\n\t\t\t\t<\/div>\n\t\t\t\t<div class=\"elementor-element elementor-element-2fe50d6 elementor-widget-divider--view-line elementor-widget elementor-widget-divider\" data-id=\"2fe50d6\" data-element_type=\"widget\" data-e-type=\"widget\" data-widget_type=\"divider.default\">\n\t\t\t\t<div class=\"elementor-widget-container\">\n\t\t\t\t\t\t\t<div class=\"elementor-divider\">\n\t\t\t<span class=\"elementor-divider-separator\">\n\t\t\t\t\t\t<\/span>\n\t\t<\/div>\n\t\t\t\t\t\t<\/div>\n\t\t\t\t<\/div>\n\t\t\t\t<div class=\"elementor-element elementor-element-94e36cf elementor-widget elementor-widget-text-editor\" data-id=\"94e36cf\" data-element_type=\"widget\" data-e-type=\"widget\" data-widget_type=\"text-editor.default\">\n\t\t\t\t<div class=\"elementor-widget-container\">\n\t\t\t\t\t\t\t\t\t<p><img loading=\"lazy\" decoding=\"async\" class=\"alignnone wp-image-3352 size-full\" src=\"https:\/\/www.davidson.mc\/wp-content\/uploads\/2021\/10\/cote-dazur.jpg\" alt=\"\" width=\"200\" height=\"29\" \/><\/p>\n<ul>\n<li><a href=\"#\">???<\/a><\/li>\n<\/ul>\n\t\t\t\t\t\t\t\t<\/div>\n\t\t\t\t<\/div>\n\t\t\t\t<div class=\"elementor-element elementor-element-670dd88 elementor-widget-divider--view-line elementor-widget elementor-widget-divider\" data-id=\"670dd88\" data-element_type=\"widget\" data-e-type=\"widget\" data-widget_type=\"divider.default\">\n\t\t\t\t<div class=\"elementor-widget-container\">\n\t\t\t\t\t\t\t<div class=\"elementor-divider\">\n\t\t\t<span class=\"elementor-divider-separator\">\n\t\t\t\t\t\t<\/span>\n\t\t<\/div>\n\t\t\t\t\t\t<\/div>\n\t\t\t\t<\/div>\n\t\t\t\t<div class=\"elementor-element elementor-element-56cf9a2 elementor-widget elementor-widget-text-editor\" data-id=\"56cf9a2\" data-element_type=\"widget\" data-e-type=\"widget\" data-widget_type=\"text-editor.default\">\n\t\t\t\t<div class=\"elementor-widget-container\">\n\t\t\t\t\t\t\t\t\t<p>\u00a0<\/p>\n<p><img loading=\"lazy\" decoding=\"async\" class=\"alignnone size-full wp-image-3354\" src=\"https:\/\/www.davidson.mc\/wp-content\/uploads\/2021\/10\/auto.jpg\" alt=\"\" width=\"200\" height=\"29\" \/><\/p>\n<ul>\n<li><a href=\"#\">???<\/a><\/li>\n<\/ul>\n\t\t\t\t\t\t\t\t<\/div>\n\t\t\t\t<\/div>\n\t\t\t\t<div class=\"elementor-element elementor-element-9b14c7d elementor-widget-divider--view-line elementor-widget elementor-widget-divider\" data-id=\"9b14c7d\" data-element_type=\"widget\" data-e-type=\"widget\" data-widget_type=\"divider.default\">\n\t\t\t\t<div class=\"elementor-widget-container\">\n\t\t\t\t\t\t\t<div class=\"elementor-divider\">\n\t\t\t<span class=\"elementor-divider-separator\">\n\t\t\t\t\t\t<\/span>\n\t\t<\/div>\n\t\t\t\t\t\t<\/div>\n\t\t\t\t<\/div>\n\t\t\t\t<div class=\"elementor-element elementor-element-fe9efe0 elementor-widget elementor-widget-spacer\" data-id=\"fe9efe0\" data-element_type=\"widget\" data-e-type=\"widget\" data-widget_type=\"spacer.default\">\n\t\t\t\t<div class=\"elementor-widget-container\">\n\t\t\t\t\t\t\t<div class=\"elementor-spacer\">\n\t\t\t<div class=\"elementor-spacer-inner\"><\/div>\n\t\t<\/div>\n\t\t\t\t\t\t<\/div>\n\t\t\t\t<\/div>\n\t\t\t\t\t<\/div>\n\t\t<\/div>\n\t\t\t\t\t<\/div>\n\t\t<\/section>\n\t\t\t\t<\/div>\n\t\t","protected":false},"excerpt":{"rendered":"<p>Sommaire<\/p>\n","protected":false},"author":18,"featured_media":0,"parent":7748,"menu_order":0,"comment_status":"closed","ping_status":"closed","template":"","meta":{"_seopress_robots_primary_cat":"","_seopress_titles_title":"Sommaire Monaco Economie 118 - Davidson Communication","_seopress_titles_desc":"Sommaire Monaco Economie 118","_seopress_robots_index":"","_monsterinsights_skip_tracking":false,"_monsterinsights_sitenote_active":false,"_monsterinsights_sitenote_note":"","_monsterinsights_sitenote_category":0,"footnotes":""},"class_list":["post-7821","page","type-page","status-publish","hentry"],"_links":{"self":[{"href":"https:\/\/www.davidson.mc\/en\/wp-json\/wp\/v2\/pages\/7821","targetHints":{"allow":["GET"]}}],"collection":[{"href":"https:\/\/www.davidson.mc\/en\/wp-json\/wp\/v2\/pages"}],"about":[{"href":"https:\/\/www.davidson.mc\/en\/wp-json\/wp\/v2\/types\/page"}],"author":[{"embeddable":true,"href":"https:\/\/www.davidson.mc\/en\/wp-json\/wp\/v2\/users\/18"}],"replies":[{"embeddable":true,"href":"https:\/\/www.davidson.mc\/en\/wp-json\/wp\/v2\/comments?post=7821"}],"version-history":[{"count":1,"href":"https:\/\/www.davidson.mc\/en\/wp-json\/wp\/v2\/pages\/7821\/revisions"}],"predecessor-version":[{"id":7822,"href":"https:\/\/www.davidson.mc\/en\/wp-json\/wp\/v2\/pages\/7821\/revisions\/7822"}],"up":[{"embeddable":true,"href":"https:\/\/www.davidson.mc\/en\/wp-json\/wp\/v2\/pages\/7748"}],"wp:attachment":[{"href":"https:\/\/www.davidson.mc\/en\/wp-json\/wp\/v2\/media?parent=7821"}],"curies":[{"name":"wp","href":"https:\/\/api.w.org\/{rel}","templated":true}]}}