{"id":7823,"date":"2022-08-09T15:47:50","date_gmt":"2022-08-09T13:47:50","guid":{"rendered":"https:\/\/www.davidson.mc\/magazine\/monaco-economie\/sommaire-monaco-economie-119\/"},"modified":"2022-08-09T15:47:50","modified_gmt":"2022-08-09T13:47:50","slug":"sommaire-monaco-economie-119","status":"publish","type":"page","link":"https:\/\/www.davidson.mc\/en\/magazine\/monaco-economie\/sommaire-monaco-economie-119\/","title":{"rendered":"Sommaire Monaco Economie 119"},"content":{"rendered":"\t\t<div data-elementor-type=\"wp-page\" data-elementor-id=\"7823\" class=\"elementor elementor-7823 elementor-3300\" data-elementor-post-type=\"page\">\n\t\t\t\t\t\t<section class=\"elementor-section elementor-top-section elementor-element elementor-element-8ae5177 elementor-section-boxed elementor-section-height-default elementor-section-height-default\" data-id=\"8ae5177\" data-element_type=\"section\" data-e-type=\"section\">\n\t\t\t\t\t\t<div class=\"elementor-container elementor-column-gap-default\">\n\t\t\t\t\t<div class=\"elementor-column elementor-col-66 elementor-top-column elementor-element elementor-element-e120a24\" data-id=\"e120a24\" data-element_type=\"column\" data-e-type=\"column\">\n\t\t\t<div class=\"elementor-widget-wrap\">\n\t\t\t\t\t\t\t<\/div>\n\t\t<\/div>\n\t\t\t\t<div class=\"elementor-column elementor-col-33 elementor-top-column elementor-element elementor-element-1e2af2d\" data-id=\"1e2af2d\" data-element_type=\"column\" data-e-type=\"column\">\n\t\t\t<div class=\"elementor-widget-wrap\">\n\t\t\t\t\t\t\t<\/div>\n\t\t<\/div>\n\t\t\t\t\t<\/div>\n\t\t<\/section>\n\t\t\t\t<section class=\"elementor-section elementor-top-section elementor-element elementor-element-9e503c4 elementor-section-boxed elementor-section-height-default elementor-section-height-default\" data-id=\"9e503c4\" data-element_type=\"section\" data-e-type=\"section\">\n\t\t\t\t\t\t<div class=\"elementor-container elementor-column-gap-default\">\n\t\t\t\t\t<div class=\"elementor-column elementor-col-100 elementor-top-column elementor-element elementor-element-fbed395\" data-id=\"fbed395\" data-element_type=\"column\" data-e-type=\"column\">\n\t\t\t<div class=\"elementor-widget-wrap elementor-element-populated\">\n\t\t\t\t\t\t<div class=\"elementor-element elementor-element-3a6a9f8 elementor-widget elementor-widget-spacer\" data-id=\"3a6a9f8\" data-element_type=\"widget\" data-e-type=\"widget\" data-widget_type=\"spacer.default\">\n\t\t\t\t<div class=\"elementor-widget-container\">\n\t\t\t\t\t\t\t<div class=\"elementor-spacer\">\n\t\t\t<div class=\"elementor-spacer-inner\"><\/div>\n\t\t<\/div>\n\t\t\t\t\t\t<\/div>\n\t\t\t\t<\/div>\n\t\t\t\t<div class=\"elementor-element elementor-element-47b2714 elementor-widget elementor-widget-heading\" data-id=\"47b2714\" data-element_type=\"widget\" data-e-type=\"widget\" data-widget_type=\"heading.default\">\n\t\t\t\t<div class=\"elementor-widget-container\">\n\t\t\t\t\t<h1 class=\"elementor-heading-title elementor-size-large\">Sommaire<\/h1>\t\t\t\t<\/div>\n\t\t\t\t<\/div>\n\t\t\t\t<div class=\"elementor-element elementor-element-48f9dcb elementor-align-center elementor-widget elementor-widget-button\" data-id=\"48f9dcb\" data-element_type=\"widget\" data-e-type=\"widget\" data-widget_type=\"button.default\">\n\t\t\t\t<div class=\"elementor-widget-container\">\n\t\t\t\t\t\t\t\t\t<div class=\"elementor-button-wrapper\">\n\t\t\t\t\t<a class=\"elementor-button elementor-button-link elementor-size-xs\" href=\"https:\/\/www.davidson.mc\/en\/?page_id=7748\">\n\t\t\t\t\t\t<span class=\"elementor-button-content-wrapper\">\n\t\t\t\t\t\t\t\t\t<span class=\"elementor-button-text\">&lt;&lt; Back<\/span>\n\t\t\t\t\t<\/span>\n\t\t\t\t\t<\/a>\n\t\t\t\t<\/div>\n\t\t\t\t\t\t\t\t<\/div>\n\t\t\t\t<\/div>\n\t\t\t\t\t<\/div>\n\t\t<\/div>\n\t\t\t\t\t<\/div>\n\t\t<\/section>\n\t\t\t\t<section class=\"elementor-section elementor-top-section elementor-element elementor-element-ff3f99f elementor-section-boxed elementor-section-height-default elementor-section-height-default\" data-id=\"ff3f99f\" data-element_type=\"section\" data-e-type=\"section\">\n\t\t\t\t\t\t<div class=\"elementor-container elementor-column-gap-default\">\n\t\t\t\t\t<div class=\"elementor-column elementor-col-33 elementor-top-column elementor-element elementor-element-5b1852d\" data-id=\"5b1852d\" data-element_type=\"column\" data-e-type=\"column\">\n\t\t\t<div class=\"elementor-widget-wrap elementor-element-populated\">\n\t\t\t\t\t\t<div class=\"elementor-element elementor-element-979877f elementor-widget elementor-widget-text-editor\" data-id=\"979877f\" data-element_type=\"widget\" data-e-type=\"widget\" data-widget_type=\"text-editor.default\">\n\t\t\t\t<div class=\"elementor-widget-container\">\n\t\t\t\t\t\t\t\t\t<p style=\"text-align: center;\">En kiosque<br \/><span style=\"color: #dd0000;\">Monaco Economie n\u00b0119<\/span><\/p>\n\t\t\t\t\t\t\t\t<\/div>\n\t\t\t\t<\/div>\n\t\t\t\t\t<\/div>\n\t\t<\/div>\n\t\t\t\t<div class=\"elementor-column elementor-col-33 elementor-top-column elementor-element elementor-element-551f695\" data-id=\"551f695\" data-element_type=\"column\" data-e-type=\"column\">\n\t\t\t<div class=\"elementor-widget-wrap elementor-element-populated\">\n\t\t\t\t\t\t<div class=\"elementor-element elementor-element-2ee1a87 elementor-widget elementor-widget-image\" data-id=\"2ee1a87\" data-element_type=\"widget\" data-e-type=\"widget\" data-widget_type=\"image.default\">\n\t\t\t\t<div class=\"elementor-widget-container\">\n\t\t\t\t\t\t\t\t\t\t\t\t\t\t\t<img fetchpriority=\"high\" decoding=\"async\" width=\"1158\" height=\"1560\" src=\"https:\/\/www.davidson.mc\/wp-content\/uploads\/2021\/10\/couv_119.jpg\" class=\"attachment-full size-full wp-image-3303\" alt=\"\" srcset=\"https:\/\/www.davidson.mc\/wp-content\/uploads\/2021\/10\/couv_119.jpg 1158w, https:\/\/www.davidson.mc\/wp-content\/uploads\/2021\/10\/couv_119-223x300.jpg 223w, https:\/\/www.davidson.mc\/wp-content\/uploads\/2021\/10\/couv_119-760x1024.jpg 760w, https:\/\/www.davidson.mc\/wp-content\/uploads\/2021\/10\/couv_119-768x1035.jpg 768w, https:\/\/www.davidson.mc\/wp-content\/uploads\/2021\/10\/couv_119-1140x1536.jpg 1140w\" sizes=\"(max-width: 1158px) 100vw, 1158px\" \/>\t\t\t\t\t\t\t\t\t\t\t\t\t\t\t<\/div>\n\t\t\t\t<\/div>\n\t\t\t\t\t<\/div>\n\t\t<\/div>\n\t\t\t\t<div class=\"elementor-column elementor-col-33 elementor-top-column elementor-element elementor-element-31ff20d\" data-id=\"31ff20d\" data-element_type=\"column\" data-e-type=\"column\">\n\t\t\t<div class=\"elementor-widget-wrap elementor-element-populated\">\n\t\t\t\t\t\t<div class=\"elementor-element elementor-element-b470db5 elementor-widget elementor-widget-text-editor\" data-id=\"b470db5\" data-element_type=\"widget\" data-e-type=\"widget\" data-widget_type=\"text-editor.default\">\n\t\t\t\t<div class=\"elementor-widget-container\">\n\t\t\t\t\t\t\t\t\t<p style=\"text-align: center;\"><span style=\"color: #dd0000;\">21 Juillet 2021<\/span><\/p>\n\t\t\t\t\t\t\t\t<\/div>\n\t\t\t\t<\/div>\n\t\t\t\t\t<\/div>\n\t\t<\/div>\n\t\t\t\t\t<\/div>\n\t\t<\/section>\n\t\t\t\t<section class=\"elementor-section elementor-top-section elementor-element elementor-element-e68a10f elementor-section-boxed elementor-section-height-default elementor-section-height-default\" data-id=\"e68a10f\" data-element_type=\"section\" data-e-type=\"section\">\n\t\t\t\t\t\t<div class=\"elementor-container elementor-column-gap-default\">\n\t\t\t\t\t<div class=\"elementor-column elementor-col-100 elementor-top-column elementor-element elementor-element-e8234a3\" data-id=\"e8234a3\" data-element_type=\"column\" data-e-type=\"column\">\n\t\t\t<div class=\"elementor-widget-wrap elementor-element-populated\">\n\t\t\t\t\t\t<div class=\"elementor-element elementor-element-7774b26 elementor-widget-divider--view-line elementor-widget elementor-widget-divider\" data-id=\"7774b26\" data-element_type=\"widget\" data-e-type=\"widget\" data-widget_type=\"divider.default\">\n\t\t\t\t<div class=\"elementor-widget-container\">\n\t\t\t\t\t\t\t<div class=\"elementor-divider\">\n\t\t\t<span class=\"elementor-divider-separator\">\n\t\t\t\t\t\t<\/span>\n\t\t<\/div>\n\t\t\t\t\t\t<\/div>\n\t\t\t\t<\/div>\n\t\t\t\t<div class=\"elementor-element elementor-element-7a0cf69 elementor-widget-divider--view-line elementor-widget elementor-widget-divider\" data-id=\"7a0cf69\" data-element_type=\"widget\" data-e-type=\"widget\" data-widget_type=\"divider.default\">\n\t\t\t\t<div class=\"elementor-widget-container\">\n\t\t\t\t\t\t\t<div class=\"elementor-divider\">\n\t\t\t<span class=\"elementor-divider-separator\">\n\t\t\t\t\t\t<\/span>\n\t\t<\/div>\n\t\t\t\t\t\t<\/div>\n\t\t\t\t<\/div>\n\t\t\t\t<div class=\"elementor-element elementor-element-a04c987 elementor-widget elementor-widget-text-editor\" data-id=\"a04c987\" data-element_type=\"widget\" data-e-type=\"widget\" data-widget_type=\"text-editor.default\">\n\t\t\t\t<div class=\"elementor-widget-container\">\n\t\t\t\t\t\t\t\t\t<p><img decoding=\"async\" class=\"alignnone wp-image-3340 size-full\" src=\"https:\/\/www.davidson.mc\/wp-content\/uploads\/2021\/10\/zoom.jpg\" alt=\"\" width=\"200\" height=\"29\" \/><\/p>\n<ul>\n<li><a href=\"https:\/\/www.davidson.mc\/transition-energetique-cest-le-moment\/\">Transition \u00e9nerg\u00e9tique : c\u2019est le moment !<\/a><\/li>\n<li><a href=\"https:\/\/www.davidson.mc\/jes-corner\/\">Je\u2019s Corner<\/a><\/li>\n<li><a href=\"https:\/\/www.davidson.mc\/sma-recycler-pour-reduire-les-emissions-de-ges\/\">SMA : \u00ab Recycler pour r\u00e9duire les \u00e9missions de GES \u00bb<\/a><\/li>\n<li><a href=\"https:\/\/www.davidson.mc\/siamp-cedap-la-revolution-du-plastique\/\">Siamp-Cedap : la r\u00e9volution du plastique ?<\/a><\/li>\n<li><a href=\"https:\/\/www.davidson.mc\/mission-pour-la-transition-energetique-nous-devons-tendre-vers-la-sobriete\/\">Mission pour la Transition \u00e9nerg\u00e9tique : \u00ab Nous devons tendre vers la sobri\u00e9t\u00e9 \u00bb<\/a><\/li>\n<li><a href=\"https:\/\/www.davidson.mc\/solar-impulse-monaco-doit-etre-un-laboratoire-pilote\/\">Solar Impulse : \u00ab Monaco doit \u00eatre un laboratoire pilote \u00bb<\/a><\/li>\n<li><a href=\"https:\/\/www.davidson.mc\/cip-performance-energetique-le-secteur-du-batiment-contraint-a-innover\/\">CIP : Performance \u00e9nerg\u00e9tique, le secteur du b\u00e2timent contraint \u00e0 innover<\/a><\/li>\n<li><a href=\"https:\/\/www.davidson.mc\/monaco-active-technology-absorber-le-surcout-engendre-par-des-produits-moins-energivores\/\">Monaco Active Technology : \u00ab absorber le surco\u00fbt engendr\u00e9 par des produits moins \u00e9nergivores \u00bb<\/a><\/li>\n<li><a href=\"https:\/\/www.davidson.mc\/smeg-focus-sur-les-energies-vertes\/\">SMEG : Focus sur les \u00e9nergies vertes !<\/a><\/li>\n<\/ul>\n\t\t\t\t\t\t\t\t<\/div>\n\t\t\t\t<\/div>\n\t\t\t\t<div class=\"elementor-element elementor-element-fce2ef4 elementor-widget-divider--view-line elementor-widget elementor-widget-divider\" data-id=\"fce2ef4\" data-element_type=\"widget\" data-e-type=\"widget\" data-widget_type=\"divider.default\">\n\t\t\t\t<div class=\"elementor-widget-container\">\n\t\t\t\t\t\t\t<div class=\"elementor-divider\">\n\t\t\t<span class=\"elementor-divider-separator\">\n\t\t\t\t\t\t<\/span>\n\t\t<\/div>\n\t\t\t\t\t\t<\/div>\n\t\t\t\t<\/div>\n\t\t\t\t<div class=\"elementor-element elementor-element-fe9efe0 elementor-widget elementor-widget-spacer\" data-id=\"fe9efe0\" data-element_type=\"widget\" data-e-type=\"widget\" data-widget_type=\"spacer.default\">\n\t\t\t\t<div class=\"elementor-widget-container\">\n\t\t\t\t\t\t\t<div class=\"elementor-spacer\">\n\t\t\t<div class=\"elementor-spacer-inner\"><\/div>\n\t\t<\/div>\n\t\t\t\t\t\t<\/div>\n\t\t\t\t<\/div>\n\t\t\t\t\t<\/div>\n\t\t<\/div>\n\t\t\t\t\t<\/div>\n\t\t<\/section>\n\t\t\t\t<\/div>\n\t\t","protected":false},"excerpt":{"rendered":"<p>Sommaire<\/p>\n","protected":false},"author":1,"featured_media":0,"parent":7748,"menu_order":0,"comment_status":"closed","ping_status":"closed","template":"","meta":{"_seopress_robots_primary_cat":"","_seopress_titles_title":"Sommaire Monaco Economie 119 - Davidson Communication","_seopress_titles_desc":"Sommaire Monaco Economie 119","_seopress_robots_index":"","_monsterinsights_skip_tracking":false,"_monsterinsights_sitenote_active":false,"_monsterinsights_sitenote_note":"","_monsterinsights_sitenote_category":0,"footnotes":""},"class_list":["post-7823","page","type-page","status-publish","hentry"],"_links":{"self":[{"href":"https:\/\/www.davidson.mc\/en\/wp-json\/wp\/v2\/pages\/7823","targetHints":{"allow":["GET"]}}],"collection":[{"href":"https:\/\/www.davidson.mc\/en\/wp-json\/wp\/v2\/pages"}],"about":[{"href":"https:\/\/www.davidson.mc\/en\/wp-json\/wp\/v2\/types\/page"}],"author":[{"embeddable":true,"href":"https:\/\/www.davidson.mc\/en\/wp-json\/wp\/v2\/users\/1"}],"replies":[{"embeddable":true,"href":"https:\/\/www.davidson.mc\/en\/wp-json\/wp\/v2\/comments?post=7823"}],"version-history":[{"count":1,"href":"https:\/\/www.davidson.mc\/en\/wp-json\/wp\/v2\/pages\/7823\/revisions"}],"predecessor-version":[{"id":7824,"href":"https:\/\/www.davidson.mc\/en\/wp-json\/wp\/v2\/pages\/7823\/revisions\/7824"}],"up":[{"embeddable":true,"href":"https:\/\/www.davidson.mc\/en\/wp-json\/wp\/v2\/pages\/7748"}],"wp:attachment":[{"href":"https:\/\/www.davidson.mc\/en\/wp-json\/wp\/v2\/media?parent=7823"}],"curies":[{"name":"wp","href":"https:\/\/api.w.org\/{rel}","templated":true}]}}