{"id":7825,"date":"2022-08-09T15:49:09","date_gmt":"2022-08-09T13:49:09","guid":{"rendered":"https:\/\/www.davidson.mc\/magazine\/monaco-economie\/sommaire-monaco-economie-120\/"},"modified":"2022-08-10T14:49:26","modified_gmt":"2022-08-10T12:49:26","slug":"sommaire-monaco-economie-120","status":"publish","type":"page","link":"https:\/\/www.davidson.mc\/en\/magazine\/monaco-economie\/sommaire-monaco-economie-120\/","title":{"rendered":"Summary Monaco Economy 120"},"content":{"rendered":"\t\t<div data-elementor-type=\"wp-page\" data-elementor-id=\"7825\" class=\"elementor elementor-7825 elementor-3376\" data-elementor-post-type=\"page\">\n\t\t\t\t\t\t<section class=\"elementor-section elementor-top-section elementor-element elementor-element-8ae5177 elementor-section-boxed elementor-section-height-default elementor-section-height-default\" data-id=\"8ae5177\" data-element_type=\"section\" data-e-type=\"section\">\n\t\t\t\t\t\t<div class=\"elementor-container elementor-column-gap-default\">\n\t\t\t\t\t<div class=\"elementor-column elementor-col-66 elementor-top-column elementor-element elementor-element-e120a24\" data-id=\"e120a24\" data-element_type=\"column\" data-e-type=\"column\">\n\t\t\t<div class=\"elementor-widget-wrap\">\n\t\t\t\t\t\t\t<\/div>\n\t\t<\/div>\n\t\t\t\t<div class=\"elementor-column elementor-col-33 elementor-top-column elementor-element elementor-element-1e2af2d\" data-id=\"1e2af2d\" data-element_type=\"column\" data-e-type=\"column\">\n\t\t\t<div class=\"elementor-widget-wrap\">\n\t\t\t\t\t\t\t<\/div>\n\t\t<\/div>\n\t\t\t\t\t<\/div>\n\t\t<\/section>\n\t\t\t\t<section class=\"elementor-section elementor-top-section elementor-element elementor-element-9e503c4 elementor-section-boxed elementor-section-height-default elementor-section-height-default\" data-id=\"9e503c4\" data-element_type=\"section\" data-e-type=\"section\">\n\t\t\t\t\t\t<div class=\"elementor-container elementor-column-gap-default\">\n\t\t\t\t\t<div class=\"elementor-column elementor-col-100 elementor-top-column elementor-element elementor-element-fbed395\" data-id=\"fbed395\" data-element_type=\"column\" data-e-type=\"column\">\n\t\t\t<div class=\"elementor-widget-wrap elementor-element-populated\">\n\t\t\t\t\t\t<div class=\"elementor-element elementor-element-3a6a9f8 elementor-widget elementor-widget-spacer\" data-id=\"3a6a9f8\" data-element_type=\"widget\" data-e-type=\"widget\" data-widget_type=\"spacer.default\">\n\t\t\t\t<div class=\"elementor-widget-container\">\n\t\t\t\t\t\t\t<div class=\"elementor-spacer\">\n\t\t\t<div class=\"elementor-spacer-inner\"><\/div>\n\t\t<\/div>\n\t\t\t\t\t\t<\/div>\n\t\t\t\t<\/div>\n\t\t\t\t<div class=\"elementor-element elementor-element-47b2714 elementor-widget elementor-widget-heading\" data-id=\"47b2714\" data-element_type=\"widget\" data-e-type=\"widget\" data-widget_type=\"heading.default\">\n\t\t\t\t<div class=\"elementor-widget-container\">\n\t\t\t\t\t<h1 class=\"elementor-heading-title elementor-size-large\">Summary<\/h1>\t\t\t\t<\/div>\n\t\t\t\t<\/div>\n\t\t\t\t<div class=\"elementor-element elementor-element-48f9dcb elementor-align-center elementor-widget elementor-widget-button\" data-id=\"48f9dcb\" data-element_type=\"widget\" data-e-type=\"widget\" data-widget_type=\"button.default\">\n\t\t\t\t<div class=\"elementor-widget-container\">\n\t\t\t\t\t\t\t\t\t<div class=\"elementor-button-wrapper\">\n\t\t\t\t\t<a class=\"elementor-button elementor-button-link elementor-size-xs\" href=\"https:\/\/www.davidson.mc\/en\/?page_id=7748\">\n\t\t\t\t\t\t<span class=\"elementor-button-content-wrapper\">\n\t\t\t\t\t\t\t\t\t<span class=\"elementor-button-text\">&lt;&lt; Back<\/span>\n\t\t\t\t\t<\/span>\n\t\t\t\t\t<\/a>\n\t\t\t\t<\/div>\n\t\t\t\t\t\t\t\t<\/div>\n\t\t\t\t<\/div>\n\t\t\t\t\t<\/div>\n\t\t<\/div>\n\t\t\t\t\t<\/div>\n\t\t<\/section>\n\t\t\t\t<section class=\"elementor-section elementor-top-section elementor-element elementor-element-ff3f99f elementor-section-boxed elementor-section-height-default elementor-section-height-default\" data-id=\"ff3f99f\" data-element_type=\"section\" data-e-type=\"section\">\n\t\t\t\t\t\t<div class=\"elementor-container elementor-column-gap-default\">\n\t\t\t\t\t<div class=\"elementor-column elementor-col-33 elementor-top-column elementor-element elementor-element-5b1852d\" data-id=\"5b1852d\" data-element_type=\"column\" data-e-type=\"column\">\n\t\t\t<div class=\"elementor-widget-wrap elementor-element-populated\">\n\t\t\t\t\t\t<div class=\"elementor-element elementor-element-979877f elementor-widget elementor-widget-text-editor\" data-id=\"979877f\" data-element_type=\"widget\" data-e-type=\"widget\" data-widget_type=\"text-editor.default\">\n\t\t\t\t<div class=\"elementor-widget-container\">\n\t\t\t\t\t\t\t\t\t<p style=\"text-align: center;\">On newsstands<br \/><span style=\"color: #dd0000;\">Monaco Economy n\u00b0120<\/span><\/p>\n\t\t\t\t\t\t\t\t<\/div>\n\t\t\t\t<\/div>\n\t\t\t\t\t<\/div>\n\t\t<\/div>\n\t\t\t\t<div class=\"elementor-column elementor-col-33 elementor-top-column elementor-element elementor-element-551f695\" data-id=\"551f695\" data-element_type=\"column\" data-e-type=\"column\">\n\t\t\t<div class=\"elementor-widget-wrap elementor-element-populated\">\n\t\t\t\t\t\t<div class=\"elementor-element elementor-element-2ee1a87 elementor-widget elementor-widget-image\" data-id=\"2ee1a87\" data-element_type=\"widget\" data-e-type=\"widget\" data-widget_type=\"image.default\">\n\t\t\t\t<div class=\"elementor-widget-container\">\n\t\t\t\t\t\t\t\t\t\t\t\t\t\t\t<img fetchpriority=\"high\" decoding=\"async\" width=\"1317\" height=\"1772\" src=\"https:\/\/www.davidson.mc\/wp-content\/uploads\/2021\/10\/Couv_120.jpg\" class=\"attachment-full size-full wp-image-3305\" alt=\"Couverture magazine 120\" srcset=\"https:\/\/www.davidson.mc\/wp-content\/uploads\/2021\/10\/Couv_120.jpg 1317w, https:\/\/www.davidson.mc\/wp-content\/uploads\/2021\/10\/Couv_120-223x300.jpg 223w, https:\/\/www.davidson.mc\/wp-content\/uploads\/2021\/10\/Couv_120-761x1024.jpg 761w, https:\/\/www.davidson.mc\/wp-content\/uploads\/2021\/10\/Couv_120-768x1033.jpg 768w, https:\/\/www.davidson.mc\/wp-content\/uploads\/2021\/10\/Couv_120-1142x1536.jpg 1142w\" sizes=\"(max-width: 1317px) 100vw, 1317px\" \/>\t\t\t\t\t\t\t\t\t\t\t\t\t\t\t<\/div>\n\t\t\t\t<\/div>\n\t\t\t\t\t<\/div>\n\t\t<\/div>\n\t\t\t\t<div class=\"elementor-column elementor-col-33 elementor-top-column elementor-element elementor-element-31ff20d\" data-id=\"31ff20d\" data-element_type=\"column\" data-e-type=\"column\">\n\t\t\t<div class=\"elementor-widget-wrap elementor-element-populated\">\n\t\t\t\t\t\t<div class=\"elementor-element elementor-element-b470db5 elementor-widget elementor-widget-text-editor\" data-id=\"b470db5\" data-element_type=\"widget\" data-e-type=\"widget\" data-widget_type=\"text-editor.default\">\n\t\t\t\t<div class=\"elementor-widget-container\">\n\t\t\t\t\t\t\t\t\t<p style=\"text-align: center;\"><span style=\"color: #dd0000;\">October 27, 2021<\/span><\/p>\n\t\t\t\t\t\t\t\t<\/div>\n\t\t\t\t<\/div>\n\t\t\t\t\t<\/div>\n\t\t<\/div>\n\t\t\t\t\t<\/div>\n\t\t<\/section>\n\t\t\t\t<section class=\"elementor-section elementor-top-section elementor-element elementor-element-e68a10f elementor-section-boxed elementor-section-height-default elementor-section-height-default\" data-id=\"e68a10f\" data-element_type=\"section\" data-e-type=\"section\">\n\t\t\t\t\t\t<div class=\"elementor-container elementor-column-gap-default\">\n\t\t\t\t\t<div class=\"elementor-column elementor-col-100 elementor-top-column elementor-element elementor-element-e8234a3\" data-id=\"e8234a3\" data-element_type=\"column\" data-e-type=\"column\">\n\t\t\t<div class=\"elementor-widget-wrap elementor-element-populated\">\n\t\t\t\t\t\t<div class=\"elementor-element elementor-element-7774b26 elementor-widget-divider--view-line elementor-widget elementor-widget-divider\" data-id=\"7774b26\" data-element_type=\"widget\" data-e-type=\"widget\" data-widget_type=\"divider.default\">\n\t\t\t\t<div class=\"elementor-widget-container\">\n\t\t\t\t\t\t\t<div class=\"elementor-divider\">\n\t\t\t<span class=\"elementor-divider-separator\">\n\t\t\t\t\t\t<\/span>\n\t\t<\/div>\n\t\t\t\t\t\t<\/div>\n\t\t\t\t<\/div>\n\t\t\t\t<div class=\"elementor-element elementor-element-a04c987 elementor-widget elementor-widget-text-editor\" data-id=\"a04c987\" data-element_type=\"widget\" data-e-type=\"widget\" data-widget_type=\"text-editor.default\">\n\t\t\t\t<div class=\"elementor-widget-container\">\n\t\t\t\t\t\t\t\t\t<p><img decoding=\"async\" class=\"alignnone size-full wp-image-5744\" src=\"https:\/\/www.davidson.mc\/wp-content\/uploads\/2022\/04\/auto.jpg\" alt=\"\" width=\"200\" height=\"29\" \/><\/p>\n<ul>\n<li style=\"list-style-type: none; color: black;\">\n<ul>\n<li><a style=\"color: black;\" href=\"https:\/\/www.davidson.mc\/essai-ds-9\/\">Essai DS 9<\/a><\/li>\n<\/ul>\n<\/li>\n<\/ul>\n\t\t\t\t\t\t\t\t<\/div>\n\t\t\t\t<\/div>\n\t\t\t\t<div class=\"elementor-element elementor-element-8326726 elementor-widget-divider--view-line elementor-widget elementor-widget-divider\" data-id=\"8326726\" data-element_type=\"widget\" data-e-type=\"widget\" data-widget_type=\"divider.default\">\n\t\t\t\t<div class=\"elementor-widget-container\">\n\t\t\t\t\t\t\t<div class=\"elementor-divider\">\n\t\t\t<span class=\"elementor-divider-separator\">\n\t\t\t\t\t\t<\/span>\n\t\t<\/div>\n\t\t\t\t\t\t<\/div>\n\t\t\t\t<\/div>\n\t\t\t\t<div class=\"elementor-element elementor-element-554ef57 elementor-widget elementor-widget-text-editor\" data-id=\"554ef57\" data-element_type=\"widget\" data-e-type=\"widget\" data-widget_type=\"text-editor.default\">\n\t\t\t\t<div class=\"elementor-widget-container\">\n\t\t\t\t\t\t\t\t\t<p><img decoding=\"async\" src=\"https:\/\/www.davidson.mc\/wp-content\/uploads\/2021\/10\/zoom.jpg\" alt=\"\" width=\"200\" height=\"29\" \/><\/p>\n<ul>\n<li style=\"list-style-type: none; color: black;\">\n<ul>\n<li><a style=\"color: black;\" href=\"https:\/\/www.davidson.mc\/grimaldi-forum-levenementiel-continuera-dexister\/\">GRIMALDI FORUM : L\u2019\u00e9v\u00e9nementiel continuera d\u2019exister<\/a><\/li>\n<li><a style=\"color: black;\" href=\"https:\/\/www.davidson.mc\/monaco-telecom-a-nous-tous-dinventer-la-vie-qui-va-autour-de-la-digitalisation-sans-fil\/\">Monaco Telecom : \u00ab A nous tous d\u2019inventer la vie qui va autour de la digitalisation sans fil ! \u00bb<\/a><\/li>\n<li><a style=\"color: black;\" href=\"https:\/\/www.davidson.mc\/galerie-des-salines-le-pied\/\">Galerie des salines : le pied !<\/a><\/li>\n<li><a style=\"color: black;\" href=\"https:\/\/www.davidson.mc\/fontvieille-un-centre-commercial-futuriste-a-lhorizon-2027\/\">Fontvieille : un centre commercial futuriste \u00e0 l\u2019horizon 2027 !<\/a><\/li>\n<li><a style=\"color: black;\" href=\"https:\/\/www.davidson.mc\/meb-nous-sommes-ainsi-au-coeur-dune-transformation-radicale-de-notre-economie\/\">MEB : \u00ab Nous sommes ainsi au c\u0153ur d\u2019une transformation radicale de notre \u00e9conomie \u00bb<\/a><\/li>\n<li><a style=\"color: black;\" href=\"https:\/\/www.davidson.mc\/testimonio-ii-a-lest-du-nouveau-aussi\/\">Testimonio II : \u00e0 l\u2019Est du nouveau aussi<\/a><\/li>\n<li><a style=\"color: black;\" href=\"https:\/\/www.davidson.mc\/85-des-emplois-de-2030-nexistent-pas-encore-un-defi-pour-lecole\/\">\u00ab 85% des emplois de 2030 n\u2019existent pas encore \u00bb : un d\u00e9fi pour l\u2019Ecole<\/a><\/li>\n<li><a style=\"color: black;\" href=\"https:\/\/www.davidson.mc\/pasteur-un-nouveau-quartier\/\">Pasteur : un nouveau quartier<\/a><\/li>\n<li><a style=\"color: black;\" href=\"https:\/\/www.davidson.mc\/xefi-quelles-evolutions-pour-la-fibre\/\">Xefi : Quelles \u00e9volutions pour la fibre ?<\/a><\/li>\n<li><a style=\"color: black;\" href=\"https:\/\/www.davidson.mc\/2011-2021-limsee-fete-ses-dix-ans\/\">2011-2021 : l\u2019IMSEE f\u00eate ses dix ans<\/a><\/li>\n<li><a style=\"color: black;\" href=\"https:\/\/www.davidson.mc\/actis%e2%80%89-%e2%80%89la-dematerialisation-connait-une-demande-exponentielle%e2%80%89\/\">Actis\u2009: \u00ab\u2009La d\u00e9mat\u00e9rialisation conna\u00eet une demande exponentielle\u2009\u00bb<\/a><\/li>\n<li><a style=\"color: black;\" href=\"https:\/\/www.davidson.mc\/ium%e2%80%89-lenseignement-du-futur-sera-un-melange-de-savoir-etre-et-de-savoir-faire\/\">IUM\u2009: \u00ab L\u2019enseignement du futur sera un m\u00e9lange de savoir \u00eatre et de savoir-faire \u00bb<\/a><\/li>\n<li><a style=\"color: black;\" href=\"https:\/\/www.davidson.mc\/ida-loperation-emblematique-du-plan-logement\/\">Ida : l\u2019op\u00e9ration embl\u00e9matique du Plan logement<\/a><\/li>\n<li><a style=\"color: black;\" href=\"https:\/\/www.davidson.mc\/les-tendances-du-commerce-de-demain\/\">Les tendances du commerce de demain<\/a><\/li>\n<li><a style=\"color: black;\" href=\"https:\/\/www.davidson.mc\/monaco-cloud-un-socle-pour-la-creation-de-nouveaux-services-numeriques\/\">Monaco Cloud, un socle pour la cr\u00e9ation de nouveaux services num\u00e9riques<\/a><\/li>\n<li><a style=\"color: black;\" href=\"https:\/\/www.davidson.mc\/mareterra-un-nouvel-ecoquartier-en-2025\/\">Mareterra: un nouvel \u00e9coquartier en 2025<\/a><\/li>\n<li><a style=\"color: black;\" href=\"https:\/\/www.davidson.mc\/nouvel-hopital-horizon-2032\/\">Nouvel h\u00f4pital : horizon 2032<\/a><\/li>\n<li><a style=\"color: black;\" href=\"https:\/\/www.davidson.mc\/une-economie-en-mutation\/\">Une \u00e9conomie en mutation<\/a><\/li>\n<li><a style=\"color: black;\" href=\"https:\/\/www.davidson.mc\/monaco-mise-sur-sa-transition-numerique\/\">Monaco mise sur sa transition num\u00e9rique<\/a><\/li>\n<li><a style=\"color: black;\" href=\"https:\/\/www.davidson.mc\/des-projets-pour-ameliorer-la-mobilite\/\">Des projets pour am\u00e9liorer la mobilit\u00e9<\/a><\/li>\n<li><a style=\"color: black;\" href=\"https:\/\/www.davidson.mc\/une-ville-en-metamorphose-constante\/\">Une ville en m\u00e9tamorphose constante<\/a><\/li>\n<li><a style=\"color: black;\" href=\"https:\/\/www.davidson.mc\/monaco-de-demain\/\">Monaco de demain<\/a><\/li>\n<\/ul>\n<\/li>\n<\/ul>\n\t\t\t\t\t\t\t\t<\/div>\n\t\t\t\t<\/div>\n\t\t\t\t<div class=\"elementor-element elementor-element-536eef0 elementor-widget-divider--view-line elementor-widget elementor-widget-divider\" data-id=\"536eef0\" data-element_type=\"widget\" data-e-type=\"widget\" data-widget_type=\"divider.default\">\n\t\t\t\t<div class=\"elementor-widget-container\">\n\t\t\t\t\t\t\t<div class=\"elementor-divider\">\n\t\t\t<span class=\"elementor-divider-separator\">\n\t\t\t\t\t\t<\/span>\n\t\t<\/div>\n\t\t\t\t\t\t<\/div>\n\t\t\t\t<\/div>\n\t\t\t\t<div class=\"elementor-element elementor-element-e85e0b8 elementor-widget elementor-widget-text-editor\" data-id=\"e85e0b8\" data-element_type=\"widget\" data-e-type=\"widget\" data-widget_type=\"text-editor.default\">\n\t\t\t\t<div class=\"elementor-widget-container\">\n\t\t\t\t\t\t\t\t\t<p><img loading=\"lazy\" decoding=\"async\" class=\"alignnone size-full wp-image-5546\" src=\"https:\/\/www.davidson.mc\/wp-content\/uploads\/2022\/04\/economy.jpg\" alt=\"\" width=\"200\" height=\"29\" \/><\/p>\n<ul>\n<li style=\"list-style-type: none; color: black;\">\n<ul>\n<li><a style=\"color: black;\" href=\"https:\/\/www.davidson.mc\/il-etait-une-fois-monaco-economie\/\">Il \u00e9tait une fois\u2026 Monaco \u00c9conomie<\/a><\/li>\n<\/ul>\n<\/li>\n<\/ul>\n\t\t\t\t\t\t\t\t<\/div>\n\t\t\t\t<\/div>\n\t\t\t\t<div class=\"elementor-element elementor-element-9dbbb64 elementor-widget-divider--view-line elementor-widget elementor-widget-divider\" data-id=\"9dbbb64\" data-element_type=\"widget\" data-e-type=\"widget\" data-widget_type=\"divider.default\">\n\t\t\t\t<div class=\"elementor-widget-container\">\n\t\t\t\t\t\t\t<div class=\"elementor-divider\">\n\t\t\t<span class=\"elementor-divider-separator\">\n\t\t\t\t\t\t<\/span>\n\t\t<\/div>\n\t\t\t\t\t\t<\/div>\n\t\t\t\t<\/div>\n\t\t\t\t<div class=\"elementor-element elementor-element-316ba3d elementor-widget elementor-widget-text-editor\" data-id=\"316ba3d\" data-element_type=\"widget\" data-e-type=\"widget\" data-widget_type=\"text-editor.default\">\n\t\t\t\t<div class=\"elementor-widget-container\">\n\t\t\t\t\t\t\t\t\t<p><img loading=\"lazy\" decoding=\"async\" class=\"alignnone size-full wp-image-5548\" src=\"https:\/\/www.davidson.mc\/wp-content\/uploads\/2022\/04\/solution.jpg\" alt=\"\" width=\"200\" height=\"29\" \/><\/p>\n<ul>\n<li style=\"list-style-type: none; color: black;\">\n<ul>\n<li><a style=\"color: black;\" href=\"https:\/\/www.davidson.mc\/fc-integration-monaco-la-maison-connectee\/\">FC Int\u00e9gration Monaco : la maison connect\u00e9e<\/a><\/li>\n<li><a style=\"color: black;\" href=\"https:\/\/www.davidson.mc\/hautier-ip%e2%80%89-comment-proteger-sa-propriete-intellectuelle-a-monaco-et-a-letranger\/\">Hautier IP\u2009: comment prot\u00e9ger sa propri\u00e9t\u00e9 intellectuelle \u00e0 Monaco et \u00e0 l\u2019\u00e9tranger ?<\/a><\/li>\n<li><a style=\"color: black;\" href=\"https:\/\/www.davidson.mc\/ubp-investir-dans-le-secteur-de-la-mode-ecoresponsable\/\">UBP : Investir dans le secteur de la mode \u00e9coresponsable<\/a><\/li>\n<\/ul>\n<\/li>\n<\/ul>\n\t\t\t\t\t\t\t\t<\/div>\n\t\t\t\t<\/div>\n\t\t\t\t<div class=\"elementor-element elementor-element-303738e elementor-widget-divider--view-line elementor-widget elementor-widget-divider\" data-id=\"303738e\" data-element_type=\"widget\" data-e-type=\"widget\" data-widget_type=\"divider.default\">\n\t\t\t\t<div class=\"elementor-widget-container\">\n\t\t\t\t\t\t\t<div class=\"elementor-divider\">\n\t\t\t<span class=\"elementor-divider-separator\">\n\t\t\t\t\t\t<\/span>\n\t\t<\/div>\n\t\t\t\t\t\t<\/div>\n\t\t\t\t<\/div>\n\t\t\t\t<div class=\"elementor-element elementor-element-237548b elementor-widget elementor-widget-text-editor\" data-id=\"237548b\" data-element_type=\"widget\" data-e-type=\"widget\" data-widget_type=\"text-editor.default\">\n\t\t\t\t<div class=\"elementor-widget-container\">\n\t\t\t\t\t\t\t\t\t<p><img loading=\"lazy\" decoding=\"async\" class=\"alignnone size-full wp-image-5540\" src=\"https:\/\/www.davidson.mc\/wp-content\/uploads\/2022\/04\/what-else.jpg\" alt=\"\" width=\"200\" height=\"29\" \/><\/p>\n<ul>\n<li style=\"list-style-type: none; color: black;\">\n<ul>\n<li><a style=\"color: black;\" href=\"https:\/\/www.davidson.mc\/le-futur-de-monaco-par-ou-doit-il-passer-pour-y-parvenir\/\">Le FUTUR de MONACO, par o\u00f9 doit-il passer pour y parvenir ?<\/a><\/li>\n<\/ul>\n<\/li>\n<\/ul>\n\t\t\t\t\t\t\t\t<\/div>\n\t\t\t\t<\/div>\n\t\t\t\t<div class=\"elementor-element elementor-element-fce2ef4 elementor-widget-divider--view-line elementor-widget elementor-widget-divider\" data-id=\"fce2ef4\" data-element_type=\"widget\" data-e-type=\"widget\" data-widget_type=\"divider.default\">\n\t\t\t\t<div class=\"elementor-widget-container\">\n\t\t\t\t\t\t\t<div class=\"elementor-divider\">\n\t\t\t<span class=\"elementor-divider-separator\">\n\t\t\t\t\t\t<\/span>\n\t\t<\/div>\n\t\t\t\t\t\t<\/div>\n\t\t\t\t<\/div>\n\t\t\t\t<div class=\"elementor-element elementor-element-77434d9 elementor-widget elementor-widget-text-editor\" data-id=\"77434d9\" data-element_type=\"widget\" data-e-type=\"widget\" data-widget_type=\"text-editor.default\">\n\t\t\t\t<div class=\"elementor-widget-container\">\n\t\t\t\t\t\t\t\t\t<p><img loading=\"lazy\" decoding=\"async\" class=\"alignnone size-full wp-image-5554\" src=\"https:\/\/www.davidson.mc\/wp-content\/uploads\/2022\/04\/cote-dazur.jpg\" alt=\"\" width=\"200\" height=\"29\" \/><\/p>\n<ul>\n<li style=\"list-style-type: none; color: black;\">\n<ul>\n<li><a style=\"color: black;\" href=\"https:\/\/www.davidson.mc\/leco-vallee-de-la-metropole-de-nice-lamenagement-au-service-du-developpement\/\">L\u2019\u00c9co-Vall\u00e9e de la M\u00e9tropole de Nice : l\u2019am\u00e9nagement au service du d\u00e9veloppement<\/a><\/li>\n<\/ul>\n<\/li>\n<\/ul>\n\t\t\t\t\t\t\t\t<\/div>\n\t\t\t\t<\/div>\n\t\t\t\t<div class=\"elementor-element elementor-element-580b319 elementor-widget-divider--view-line elementor-widget elementor-widget-divider\" data-id=\"580b319\" data-element_type=\"widget\" data-e-type=\"widget\" data-widget_type=\"divider.default\">\n\t\t\t\t<div class=\"elementor-widget-container\">\n\t\t\t\t\t\t\t<div class=\"elementor-divider\">\n\t\t\t<span class=\"elementor-divider-separator\">\n\t\t\t\t\t\t<\/span>\n\t\t<\/div>\n\t\t\t\t\t\t<\/div>\n\t\t\t\t<\/div>\n\t\t\t\t<div class=\"elementor-element elementor-element-fe9efe0 elementor-widget elementor-widget-spacer\" data-id=\"fe9efe0\" data-element_type=\"widget\" data-e-type=\"widget\" data-widget_type=\"spacer.default\">\n\t\t\t\t<div class=\"elementor-widget-container\">\n\t\t\t\t\t\t\t<div class=\"elementor-spacer\">\n\t\t\t<div class=\"elementor-spacer-inner\"><\/div>\n\t\t<\/div>\n\t\t\t\t\t\t<\/div>\n\t\t\t\t<\/div>\n\t\t\t\t\t<\/div>\n\t\t<\/div>\n\t\t\t\t\t<\/div>\n\t\t<\/section>\n\t\t\t\t<\/div>\n\t\t","protected":false},"excerpt":{"rendered":"<p>Summary<\/p>\n","protected":false},"author":1,"featured_media":0,"parent":7748,"menu_order":0,"comment_status":"closed","ping_status":"closed","template":"","meta":{"_seopress_robots_primary_cat":"","_seopress_titles_title":"Sommaire Monaco Economie 120 - Davidson Communication","_seopress_titles_desc":"Sommaire Monaco Economie 120","_seopress_robots_index":"","_monsterinsights_skip_tracking":false,"_monsterinsights_sitenote_active":false,"_monsterinsights_sitenote_note":"","_monsterinsights_sitenote_category":0,"footnotes":""},"class_list":["post-7825","page","type-page","status-publish","hentry"],"_links":{"self":[{"href":"https:\/\/www.davidson.mc\/en\/wp-json\/wp\/v2\/pages\/7825","targetHints":{"allow":["GET"]}}],"collection":[{"href":"https:\/\/www.davidson.mc\/en\/wp-json\/wp\/v2\/pages"}],"about":[{"href":"https:\/\/www.davidson.mc\/en\/wp-json\/wp\/v2\/types\/page"}],"author":[{"embeddable":true,"href":"https:\/\/www.davidson.mc\/en\/wp-json\/wp\/v2\/users\/1"}],"replies":[{"embeddable":true,"href":"https:\/\/www.davidson.mc\/en\/wp-json\/wp\/v2\/comments?post=7825"}],"version-history":[{"count":3,"href":"https:\/\/www.davidson.mc\/en\/wp-json\/wp\/v2\/pages\/7825\/revisions"}],"predecessor-version":[{"id":7884,"href":"https:\/\/www.davidson.mc\/en\/wp-json\/wp\/v2\/pages\/7825\/revisions\/7884"}],"up":[{"embeddable":true,"href":"https:\/\/www.davidson.mc\/en\/wp-json\/wp\/v2\/pages\/7748"}],"wp:attachment":[{"href":"https:\/\/www.davidson.mc\/en\/wp-json\/wp\/v2\/media?parent=7825"}],"curies":[{"name":"wp","href":"https:\/\/api.w.org\/{rel}","templated":true}]}}