{"id":7827,"date":"2022-08-09T15:50:20","date_gmt":"2022-08-09T13:50:20","guid":{"rendered":"https:\/\/www.davidson.mc\/magazine\/monaco-economie\/sommaire-monaco-economie-121\/"},"modified":"2022-08-10T14:47:51","modified_gmt":"2022-08-10T12:47:51","slug":"sommaire-monaco-economie-121","status":"publish","type":"page","link":"https:\/\/www.davidson.mc\/en\/magazine\/monaco-economie\/sommaire-monaco-economie-121\/","title":{"rendered":"Summary Monaco Economy 121"},"content":{"rendered":"\t\t<div data-elementor-type=\"wp-page\" data-elementor-id=\"7827\" class=\"elementor elementor-7827 elementor-5530\" data-elementor-post-type=\"page\">\n\t\t\t\t\t\t<section class=\"elementor-section elementor-top-section elementor-element elementor-element-8ae5177 elementor-section-boxed elementor-section-height-default elementor-section-height-default\" data-id=\"8ae5177\" data-element_type=\"section\" data-e-type=\"section\">\n\t\t\t\t\t\t<div class=\"elementor-container elementor-column-gap-default\">\n\t\t\t\t\t<div class=\"elementor-column elementor-col-66 elementor-top-column elementor-element elementor-element-e120a24\" data-id=\"e120a24\" data-element_type=\"column\" data-e-type=\"column\">\n\t\t\t<div class=\"elementor-widget-wrap\">\n\t\t\t\t\t\t\t<\/div>\n\t\t<\/div>\n\t\t\t\t<div class=\"elementor-column elementor-col-33 elementor-top-column elementor-element elementor-element-1e2af2d\" data-id=\"1e2af2d\" data-element_type=\"column\" data-e-type=\"column\">\n\t\t\t<div class=\"elementor-widget-wrap\">\n\t\t\t\t\t\t\t<\/div>\n\t\t<\/div>\n\t\t\t\t\t<\/div>\n\t\t<\/section>\n\t\t\t\t<section class=\"elementor-section elementor-top-section elementor-element elementor-element-9e503c4 elementor-section-boxed elementor-section-height-default elementor-section-height-default\" data-id=\"9e503c4\" data-element_type=\"section\" data-e-type=\"section\">\n\t\t\t\t\t\t<div class=\"elementor-container elementor-column-gap-default\">\n\t\t\t\t\t<div class=\"elementor-column elementor-col-100 elementor-top-column elementor-element elementor-element-fbed395\" data-id=\"fbed395\" data-element_type=\"column\" data-e-type=\"column\">\n\t\t\t<div class=\"elementor-widget-wrap elementor-element-populated\">\n\t\t\t\t\t\t<div class=\"elementor-element elementor-element-3a6a9f8 elementor-widget elementor-widget-spacer\" data-id=\"3a6a9f8\" data-element_type=\"widget\" data-e-type=\"widget\" data-widget_type=\"spacer.default\">\n\t\t\t\t<div class=\"elementor-widget-container\">\n\t\t\t\t\t\t\t<div class=\"elementor-spacer\">\n\t\t\t<div class=\"elementor-spacer-inner\"><\/div>\n\t\t<\/div>\n\t\t\t\t\t\t<\/div>\n\t\t\t\t<\/div>\n\t\t\t\t<div class=\"elementor-element elementor-element-3ab151b elementor-widget elementor-widget-spacer\" data-id=\"3ab151b\" data-element_type=\"widget\" data-e-type=\"widget\" data-widget_type=\"spacer.default\">\n\t\t\t\t<div class=\"elementor-widget-container\">\n\t\t\t\t\t\t\t<div class=\"elementor-spacer\">\n\t\t\t<div class=\"elementor-spacer-inner\"><\/div>\n\t\t<\/div>\n\t\t\t\t\t\t<\/div>\n\t\t\t\t<\/div>\n\t\t\t\t<div class=\"elementor-element elementor-element-47b2714 elementor-widget elementor-widget-heading\" data-id=\"47b2714\" data-element_type=\"widget\" data-e-type=\"widget\" data-widget_type=\"heading.default\">\n\t\t\t\t<div class=\"elementor-widget-container\">\n\t\t\t\t\t<h1 class=\"elementor-heading-title elementor-size-large\">Summary<\/h1>\t\t\t\t<\/div>\n\t\t\t\t<\/div>\n\t\t\t\t<div class=\"elementor-element elementor-element-48f9dcb elementor-align-center elementor-widget elementor-widget-button\" data-id=\"48f9dcb\" data-element_type=\"widget\" data-e-type=\"widget\" data-widget_type=\"button.default\">\n\t\t\t\t<div class=\"elementor-widget-container\">\n\t\t\t\t\t\t\t\t\t<div class=\"elementor-button-wrapper\">\n\t\t\t\t\t<a class=\"elementor-button elementor-button-link elementor-size-xs\" href=\"https:\/\/www.davidson.mc\/en\/?page_id=7748\">\n\t\t\t\t\t\t<span class=\"elementor-button-content-wrapper\">\n\t\t\t\t\t\t\t\t\t<span class=\"elementor-button-text\">&lt;&lt; Back<\/span>\n\t\t\t\t\t<\/span>\n\t\t\t\t\t<\/a>\n\t\t\t\t<\/div>\n\t\t\t\t\t\t\t\t<\/div>\n\t\t\t\t<\/div>\n\t\t\t\t\t<\/div>\n\t\t<\/div>\n\t\t\t\t\t<\/div>\n\t\t<\/section>\n\t\t\t\t<section class=\"elementor-section elementor-top-section elementor-element elementor-element-ff3f99f elementor-section-boxed elementor-section-height-default elementor-section-height-default\" data-id=\"ff3f99f\" data-element_type=\"section\" data-e-type=\"section\">\n\t\t\t\t\t\t<div class=\"elementor-container elementor-column-gap-default\">\n\t\t\t\t\t<div class=\"elementor-column elementor-col-33 elementor-top-column elementor-element elementor-element-5b1852d\" data-id=\"5b1852d\" data-element_type=\"column\" data-e-type=\"column\">\n\t\t\t<div class=\"elementor-widget-wrap elementor-element-populated\">\n\t\t\t\t\t\t<div class=\"elementor-element elementor-element-979877f elementor-widget elementor-widget-text-editor\" data-id=\"979877f\" data-element_type=\"widget\" data-e-type=\"widget\" data-widget_type=\"text-editor.default\">\n\t\t\t\t<div class=\"elementor-widget-container\">\n\t\t\t\t\t\t\t\t\t<p style=\"text-align: center;\">On newsstands<br \/><span style=\"color: #dd0000;\">Monaco Economy n\u00b0121<\/span><\/p>\n\t\t\t\t\t\t\t\t<\/div>\n\t\t\t\t<\/div>\n\t\t\t\t\t<\/div>\n\t\t<\/div>\n\t\t\t\t<div class=\"elementor-column elementor-col-33 elementor-top-column elementor-element elementor-element-551f695\" data-id=\"551f695\" data-element_type=\"column\" data-e-type=\"column\">\n\t\t\t<div class=\"elementor-widget-wrap elementor-element-populated\">\n\t\t\t\t\t\t<div class=\"elementor-element elementor-element-2ee1a87 elementor-widget elementor-widget-image\" data-id=\"2ee1a87\" data-element_type=\"widget\" data-e-type=\"widget\" data-widget_type=\"image.default\">\n\t\t\t\t<div class=\"elementor-widget-container\">\n\t\t\t\t\t\t\t\t\t\t\t\t\t\t\t<img fetchpriority=\"high\" decoding=\"async\" width=\"1877\" height=\"2560\" src=\"https:\/\/www.davidson.mc\/wp-content\/uploads\/2022\/02\/Couv_121-scaled.jpg\" class=\"attachment-full size-full wp-image-3842\" alt=\"Couverture du Magazine Monaco Economie 121\" srcset=\"https:\/\/www.davidson.mc\/wp-content\/uploads\/2022\/02\/Couv_121-scaled.jpg 1877w, https:\/\/www.davidson.mc\/wp-content\/uploads\/2022\/02\/Couv_121-220x300.jpg 220w, https:\/\/www.davidson.mc\/wp-content\/uploads\/2022\/02\/Couv_121-751x1024.jpg 751w, https:\/\/www.davidson.mc\/wp-content\/uploads\/2022\/02\/Couv_121-768x1047.jpg 768w, https:\/\/www.davidson.mc\/wp-content\/uploads\/2022\/02\/Couv_121-1126x1536.jpg 1126w, https:\/\/www.davidson.mc\/wp-content\/uploads\/2022\/02\/Couv_121-1502x2048.jpg 1502w\" sizes=\"(max-width: 1877px) 100vw, 1877px\" \/>\t\t\t\t\t\t\t\t\t\t\t\t\t\t\t<\/div>\n\t\t\t\t<\/div>\n\t\t\t\t\t<\/div>\n\t\t<\/div>\n\t\t\t\t<div class=\"elementor-column elementor-col-33 elementor-top-column elementor-element elementor-element-31ff20d\" data-id=\"31ff20d\" data-element_type=\"column\" data-e-type=\"column\">\n\t\t\t<div class=\"elementor-widget-wrap elementor-element-populated\">\n\t\t\t\t\t\t<div class=\"elementor-element elementor-element-b470db5 elementor-widget elementor-widget-text-editor\" data-id=\"b470db5\" data-element_type=\"widget\" data-e-type=\"widget\" data-widget_type=\"text-editor.default\">\n\t\t\t\t<div class=\"elementor-widget-container\">\n\t\t\t\t\t\t\t\t\t<p style=\"text-align: center;\"><span style=\"color: #dd0000;\">January 25, 2022<\/span><\/p>\n\t\t\t\t\t\t\t\t<\/div>\n\t\t\t\t<\/div>\n\t\t\t\t\t<\/div>\n\t\t<\/div>\n\t\t\t\t\t<\/div>\n\t\t<\/section>\n\t\t\t\t<section class=\"elementor-section elementor-top-section elementor-element elementor-element-e68a10f elementor-section-boxed elementor-section-height-default elementor-section-height-default\" data-id=\"e68a10f\" data-element_type=\"section\" data-e-type=\"section\">\n\t\t\t\t\t\t<div class=\"elementor-container elementor-column-gap-default\">\n\t\t\t\t\t<div class=\"elementor-column elementor-col-100 elementor-top-column elementor-element elementor-element-e8234a3\" data-id=\"e8234a3\" data-element_type=\"column\" data-e-type=\"column\">\n\t\t\t<div class=\"elementor-widget-wrap elementor-element-populated\">\n\t\t\t\t\t\t<div class=\"elementor-element elementor-element-7774b26 elementor-widget-divider--view-line elementor-widget elementor-widget-divider\" data-id=\"7774b26\" data-element_type=\"widget\" data-e-type=\"widget\" data-widget_type=\"divider.default\">\n\t\t\t\t<div class=\"elementor-widget-container\">\n\t\t\t\t\t\t\t<div class=\"elementor-divider\">\n\t\t\t<span class=\"elementor-divider-separator\">\n\t\t\t\t\t\t<\/span>\n\t\t<\/div>\n\t\t\t\t\t\t<\/div>\n\t\t\t\t<\/div>\n\t\t\t\t<div class=\"elementor-element elementor-element-a04c987 elementor-widget elementor-widget-text-editor\" data-id=\"a04c987\" data-element_type=\"widget\" data-e-type=\"widget\" data-widget_type=\"text-editor.default\">\n\t\t\t\t<div class=\"elementor-widget-container\">\n\t\t\t\t\t\t\t\t\t<p><img decoding=\"async\" src=\"https:\/\/www.davidson.mc\/wp-content\/uploads\/2021\/10\/zoom.jpg\" alt=\"\" width=\"200\" height=\"29\" \/><\/p>\n<ul>\n<li style=\"list-style-type: none;\">\n<ul>\n<li><a style=\"color: #000;\" href=\"https:\/\/www.davidson.mc\/investir-dans-le-metaverse\/\">Investir dans le Metaverse?<\/a><\/li>\n<li><a style=\"color: #000;\"  href=\"https:\/\/www.davidson.mc\/geneva-compliance-group-la-formation-et-la-mise-aux-normes-anti-blanchiment-deviennent-cruciales\/\">Geneva Compliance Group: \u00ab La formation et la mise aux normes anti-blanchiment deviennent cruciales \u00bb<\/a><\/li>\n<li><a style=\"color: #000;\"  href=\"https:\/\/www.davidson.mc\/dnca-lnvest-sri-norden-europe-et-pourquoi-pas-investir-dans-les-valeurs-deurope-du-nord\/\">DNCA lnvest SRI Norden Europe : Et pourquoi pas investir dans les valeurs d\u2019Europe du Nord?<\/a><\/li>\n<li><a style=\"color: #000;\"  href=\"https:\/\/www.davidson.mc\/altiqa-monaco-le-mfo-un-arbitre-independant\/\">Altiqa Monaco : \u00ab Le MFO, un arbitre ind\u00e9pendant\u00bb <\/a><\/li>\n<li><a style=\"color: #000;\"  href=\"https:\/\/www.davidson.mc\/gordon-s-blair-la-protection-de-lepargnant-et-de-linvestisseur-non-professionnel-a-monaco-etat-des-lieux\/\">Gordon S. Blair : La protection de l\u2019\u00e9pargnant et de l\u2019investisseur non-professionnel \u00e0 Monaco : Etat des lieux<\/a><\/li>\n<li><a style=\"color: #000;\"  href=\"https:\/\/www.davidson.mc\/elysys-la-partie-immergee-de-liceberg-ce-sont-les-family-office\/\">Elysys: \u00ab La partie immerg\u00e9e de l\u2019iceberg, ce sont les Family Office\u00bb <\/a><\/li>\n<li><a style=\"color: #000;\"  href=\"https:\/\/www.davidson.mc\/vindome-le-vin-un-investissement-passion-valeur-refuge\/\">Vindome: Le vin, un investissement passion valeur refuge <\/a><\/li>\n<li><a style=\"color: #000;\"  href=\"https:\/\/www.davidson.mc\/jean-castellini-nous-avons-realise-un-premier-audit\/\">Jean Castellini : \u00ab Nous avons r\u00e9alis\u00e9 un premier audit\u00bb <\/a><\/li>\n<li><a style=\"color: #000;\"  href=\"https:\/\/www.davidson.mc\/en\/zoom\/\">Monaco Plan\u00e8te Finance <\/a><\/li>\n<li><a style=\"color: #000;\"  href=\"https:\/\/www.davidson.mc\/banque-richelieu-monaco-il-y-a-une-enorme-opportunite-dinvestissement\/\">Banque Richelieu Monaco : \u00ab Il y a une \u00e9norme opportunit\u00e9 d\u2019investissement! \u00bb <\/a><\/li>\n<\/ul>\n<\/li>\n<\/ul>\n\t\t\t\t\t\t\t\t<\/div>\n\t\t\t\t<\/div>\n\t\t\t\t<div class=\"elementor-element elementor-element-7a0cf69 elementor-widget-divider--view-line elementor-widget elementor-widget-divider\" data-id=\"7a0cf69\" data-element_type=\"widget\" data-e-type=\"widget\" data-widget_type=\"divider.default\">\n\t\t\t\t<div class=\"elementor-widget-container\">\n\t\t\t\t\t\t\t<div class=\"elementor-divider\">\n\t\t\t<span class=\"elementor-divider-separator\">\n\t\t\t\t\t\t<\/span>\n\t\t<\/div>\n\t\t\t\t\t\t<\/div>\n\t\t\t\t<\/div>\n\t\t\t\t<div class=\"elementor-element elementor-element-b66d33a elementor-widget elementor-widget-text-editor\" data-id=\"b66d33a\" data-element_type=\"widget\" data-e-type=\"widget\" data-widget_type=\"text-editor.default\">\n\t\t\t\t<div class=\"elementor-widget-container\">\n\t\t\t\t\t\t\t\t\t<p><img decoding=\"async\" class=\"alignnone wp-image-5534 size-full\" src=\"https:\/\/www.davidson.mc\/wp-content\/uploads\/2022\/04\/portrait.jpg\" alt=\"\" width=\"200\" height=\"29\" \/><\/p>\n<ul>\n<li style=\"list-style-type: none; color: black;\">\n<ul>\n<li><a style=\"color: #000;\" href=\"https:\/\/www.davidson.mc\/la-principaute-est-profondement-inscrite-dans-ladn-de-jutheau-husson\/\">\u00ab La Principaut\u00e9 est profond\u00e9ment inscrite dans l\u2019ADN de Jutheau Husson\u00bb <\/a><\/li>\n<li><a style=\"color: #000;\" href=\"https:\/\/www.davidson.mc\/xefi-partenaire-informatique-de-proximite-et-dexperience\/\">Xefi, partenaire informatique de proximit\u00e9 et d\u2019exp\u00e9rience <\/a><\/li>\n<\/ul>\n<\/li>\n<\/ul>\n\t\t\t\t\t\t\t\t<\/div>\n\t\t\t\t<\/div>\n\t\t\t\t<div class=\"elementor-element elementor-element-fce2ef4 elementor-widget-divider--view-line elementor-widget elementor-widget-divider\" data-id=\"fce2ef4\" data-element_type=\"widget\" data-e-type=\"widget\" data-widget_type=\"divider.default\">\n\t\t\t\t<div class=\"elementor-widget-container\">\n\t\t\t\t\t\t\t<div class=\"elementor-divider\">\n\t\t\t<span class=\"elementor-divider-separator\">\n\t\t\t\t\t\t<\/span>\n\t\t<\/div>\n\t\t\t\t\t\t<\/div>\n\t\t\t\t<\/div>\n\t\t\t\t<div class=\"elementor-element elementor-element-c391f5c elementor-widget elementor-widget-text-editor\" data-id=\"c391f5c\" data-element_type=\"widget\" data-e-type=\"widget\" data-widget_type=\"text-editor.default\">\n\t\t\t\t<div class=\"elementor-widget-container\">\n\t\t\t\t\t\t\t\t\t<p><img loading=\"lazy\" decoding=\"async\" class=\"alignnone size-full wp-image-5540\" src=\"https:\/\/www.davidson.mc\/wp-content\/uploads\/2022\/04\/what-else.jpg\" alt=\"\" width=\"200\" height=\"29\" \/><\/p>\n<ul>\n<li style=\"list-style-type: none; color: black;\"\">\n<ul>\n<li><a style=\"color: #000;\" href=\"https:\/\/www.davidson.mc\/larchitecture-et-larchitecte-ou-larchitecte-et-larchitecture\/\">L\u2019Architecture et l\u2019Architecte ou l\u2019Architecte et l\u2019Architecture<\/a><\/li>\n<\/ul>\n<\/li>\n<\/ul>\n\t\t\t\t\t\t\t\t<\/div>\n\t\t\t\t<\/div>\n\t\t\t\t<div class=\"elementor-element elementor-element-da3eb33 elementor-widget-divider--view-line elementor-widget elementor-widget-divider\" data-id=\"da3eb33\" data-element_type=\"widget\" data-e-type=\"widget\" data-widget_type=\"divider.default\">\n\t\t\t\t<div class=\"elementor-widget-container\">\n\t\t\t\t\t\t\t<div class=\"elementor-divider\">\n\t\t\t<span class=\"elementor-divider-separator\">\n\t\t\t\t\t\t<\/span>\n\t\t<\/div>\n\t\t\t\t\t\t<\/div>\n\t\t\t\t<\/div>\n\t\t\t\t<div class=\"elementor-element elementor-element-ce5e9dc elementor-widget elementor-widget-text-editor\" data-id=\"ce5e9dc\" data-element_type=\"widget\" data-e-type=\"widget\" data-widget_type=\"text-editor.default\">\n\t\t\t\t<div class=\"elementor-widget-container\">\n\t\t\t\t\t\t\t\t\t<p><img loading=\"lazy\" decoding=\"async\" class=\"alignnone size-full wp-image-5546\" src=\"https:\/\/www.davidson.mc\/wp-content\/uploads\/2022\/04\/economy.jpg\" alt=\"\" width=\"200\" height=\"29\" \/><\/p>\n<ul>\n<li style=\"list-style-type: none; color: black;\"\">\n<ul>\n<li><a style=\"color: #000;\" href=\"https:\/\/www.davidson.mc\/meb-monaco-a-la-conquete-de-dubai\/\">MEB: Monaco \u00e0 la conqu\u00eate de Duba\u00ef <\/a><\/li>\n<li><a style=\"color: #000;\" href=\"https:\/\/www.davidson.mc\/bilan-economique-au-3e-trimestre-2021\/\">Bilan \u00e9conomique au 3e trimestre 2021 <\/a><\/li>\n<li><a style=\"color: #000;\" href=\"https:\/\/www.davidson.mc\/budget-2022-un-gage-de-confiance-envers-leconomie-monegasque\/\">Budget 2022: \u00ab un gage de confiance envers l\u2019\u00e9conomie mon\u00e9gasque \u00bb <\/a><\/li>\n<\/ul>\n<\/li>\n<\/ul>\n\t\t\t\t\t\t\t\t<\/div>\n\t\t\t\t<\/div>\n\t\t\t\t<div class=\"elementor-element elementor-element-093d598 elementor-widget-divider--view-line elementor-widget elementor-widget-divider\" data-id=\"093d598\" data-element_type=\"widget\" data-e-type=\"widget\" data-widget_type=\"divider.default\">\n\t\t\t\t<div class=\"elementor-widget-container\">\n\t\t\t\t\t\t\t<div class=\"elementor-divider\">\n\t\t\t<span class=\"elementor-divider-separator\">\n\t\t\t\t\t\t<\/span>\n\t\t<\/div>\n\t\t\t\t\t\t<\/div>\n\t\t\t\t<\/div>\n\t\t\t\t<div class=\"elementor-element elementor-element-e905d6e elementor-widget elementor-widget-text-editor\" data-id=\"e905d6e\" data-element_type=\"widget\" data-e-type=\"widget\" data-widget_type=\"text-editor.default\">\n\t\t\t\t<div class=\"elementor-widget-container\">\n\t\t\t\t\t\t\t\t\t<p><img loading=\"lazy\" decoding=\"async\" class=\"alignnone size-full wp-image-5548\" src=\"https:\/\/www.davidson.mc\/wp-content\/uploads\/2022\/04\/solution.jpg\" alt=\"\" width=\"200\" height=\"29\" \/><\/p>\n<ul>\n<li style=\"list-style-type: none; color: black;\"\">\n<ul>\n<li><a style=\"color: #000;\" href=\"https:\/\/www.davidson.mc\/optima-digital-comment-reussir-la-dematerialisation-dans-son-entreprise\/\">Optima Digital : Comment r\u00e9ussir la d\u00e9mat\u00e9rialisation dans son entreprise? <\/a><\/li>\n<li><a style=\"color: #000;\" href=\"https:\/\/www.davidson.mc\/ubp-gerer-le-risque-tout-en-saisissant-lopportunite-du-changement\/\">UBP: G\u00e9rer le risque tout en saisissant l\u2019opportunit\u00e9 du changement <\/a><\/li>\n<li><a style=\"color: #000;\" href=\"https:\/\/www.davidson.mc\/lnlex-monaco-la-valeur-dune-marque-a-ne-pas-negliger-a-monaco\/\">Inlex Monaco: La valeur d\u2019une Marque \u00e0 ne pas n\u00e9gliger \u00e0 Monaco <\/a><\/li>\n<\/ul>\n<\/li>\n<\/ul>\n\t\t\t\t\t\t\t\t<\/div>\n\t\t\t\t<\/div>\n\t\t\t\t<div class=\"elementor-element elementor-element-1cf58f5 elementor-widget-divider--view-line elementor-widget elementor-widget-divider\" data-id=\"1cf58f5\" data-element_type=\"widget\" data-e-type=\"widget\" data-widget_type=\"divider.default\">\n\t\t\t\t<div class=\"elementor-widget-container\">\n\t\t\t\t\t\t\t<div class=\"elementor-divider\">\n\t\t\t<span class=\"elementor-divider-separator\">\n\t\t\t\t\t\t<\/span>\n\t\t<\/div>\n\t\t\t\t\t\t<\/div>\n\t\t\t\t<\/div>\n\t\t\t\t<div class=\"elementor-element elementor-element-777158a elementor-widget elementor-widget-text-editor\" data-id=\"777158a\" data-element_type=\"widget\" data-e-type=\"widget\" data-widget_type=\"text-editor.default\">\n\t\t\t\t<div class=\"elementor-widget-container\">\n\t\t\t\t\t\t\t\t\t<p><img loading=\"lazy\" decoding=\"async\" class=\"alignnone size-full wp-image-5554\" src=\"https:\/\/www.davidson.mc\/wp-content\/uploads\/2022\/04\/cote-dazur.jpg\" alt=\"\" width=\"200\" height=\"29\" \/><\/p>\n<ul>\n<li style=\"list-style-type: none; color: black;\"\">\n<ul>\n<li><a style=\"color: #000;\" href=\"https:\/\/www.davidson.mc\/airport-promenade-porte-dentree-de-nice-pret-a-etre-livre\/\">Airport Promenade, porte d\u2019entr\u00e9e de Nice, pr\u00eat \u00e0 \u00eatre livr\u00e9 <\/a><\/li>\n<\/ul>\n<\/li>\n<\/ul>\n\t\t\t\t\t\t\t\t<\/div>\n\t\t\t\t<\/div>\n\t\t\t\t<div class=\"elementor-element elementor-element-2a95f9b elementor-widget-divider--view-line elementor-widget elementor-widget-divider\" data-id=\"2a95f9b\" data-element_type=\"widget\" data-e-type=\"widget\" data-widget_type=\"divider.default\">\n\t\t\t\t<div class=\"elementor-widget-container\">\n\t\t\t\t\t\t\t<div class=\"elementor-divider\">\n\t\t\t<span class=\"elementor-divider-separator\">\n\t\t\t\t\t\t<\/span>\n\t\t<\/div>\n\t\t\t\t\t\t<\/div>\n\t\t\t\t<\/div>\n\t\t\t\t<div class=\"elementor-element elementor-element-c9ab115 elementor-widget elementor-widget-text-editor\" data-id=\"c9ab115\" data-element_type=\"widget\" data-e-type=\"widget\" data-widget_type=\"text-editor.default\">\n\t\t\t\t<div class=\"elementor-widget-container\">\n\t\t\t\t\t\t\t\t\t<p><img loading=\"lazy\" decoding=\"async\" class=\"alignnone size-full wp-image-5560\" src=\"https:\/\/www.davidson.mc\/wp-content\/uploads\/2022\/04\/update.jpg\" alt=\"\" width=\"200\" height=\"29\" \/><\/p>\n<ul>\n<li style=\"list-style-type: none; color: black;\"\">\n<ul>\n<li><a style=\"color: #000;\" href=\"https:\/\/www.davidson.mc\/monaco-telecom-fibre-pro-un-debit-jusqua-10-gb-par-seconde\/\">Monaco Telecom, Fibre pro: un d\u00e9bit jusqu\u2019\u00e0 10 Gb par seconde <\/a><\/li>\n<\/ul>\n<\/li>\n<\/ul>\n\t\t\t\t\t\t\t\t<\/div>\n\t\t\t\t<\/div>\n\t\t\t\t<div class=\"elementor-element elementor-element-b16a5de elementor-widget-divider--view-line elementor-widget elementor-widget-divider\" data-id=\"b16a5de\" data-element_type=\"widget\" data-e-type=\"widget\" data-widget_type=\"divider.default\">\n\t\t\t\t<div class=\"elementor-widget-container\">\n\t\t\t\t\t\t\t<div class=\"elementor-divider\">\n\t\t\t<span class=\"elementor-divider-separator\">\n\t\t\t\t\t\t<\/span>\n\t\t<\/div>\n\t\t\t\t\t\t<\/div>\n\t\t\t\t<\/div>\n\t\t\t\t<div class=\"elementor-element elementor-element-7783a47 elementor-widget elementor-widget-text-editor\" data-id=\"7783a47\" data-element_type=\"widget\" data-e-type=\"widget\" data-widget_type=\"text-editor.default\">\n\t\t\t\t<div class=\"elementor-widget-container\">\n\t\t\t\t\t\t\t\t\t<p><img loading=\"lazy\" decoding=\"async\" class=\"alignnone size-full wp-image-5562\" src=\"https:\/\/www.davidson.mc\/wp-content\/uploads\/2022\/04\/news.jpg\" alt=\"\" width=\"200\" height=\"29\" \/><\/p>\n<ul>\n<li style=\"list-style-type: none; color: black;\"\">\n<ul>\n<li><a style=\"color: #000;\" href=\"https:\/\/www.davidson.mc\/un-plb-a-la-baisse\/\">Un PIB \u00e0 la baisse<\/a><\/li>\n<li><a style=\"color: #000;\" href=\"https:\/\/www.davidson.mc\/ucam-telepherique-image-moderne-monaco\/\">UCAM : \u00ab Le t\u00e9l\u00e9ph\u00e9rique donnerait une image moderne de Monaco dans le monde\u00bb <\/a><\/li>\n<li><a style=\"color: #000;\" href=\"https:\/\/www.davidson.mc\/le-centre-cardio-thoracique-a-la-pointe-de-la-tech\/\">Le Centre cardio-thoracique \u00e0 la pointe de la tech <\/a><\/li>\n<\/ul>\n<\/li>\n<\/ul>\n\t\t\t\t\t\t\t\t<\/div>\n\t\t\t\t<\/div>\n\t\t\t\t<div class=\"elementor-element elementor-element-6b0c934 elementor-widget-divider--view-line elementor-widget elementor-widget-divider\" data-id=\"6b0c934\" data-element_type=\"widget\" data-e-type=\"widget\" data-widget_type=\"divider.default\">\n\t\t\t\t<div class=\"elementor-widget-container\">\n\t\t\t\t\t\t\t<div class=\"elementor-divider\">\n\t\t\t<span class=\"elementor-divider-separator\">\n\t\t\t\t\t\t<\/span>\n\t\t<\/div>\n\t\t\t\t\t\t<\/div>\n\t\t\t\t<\/div>\n\t\t\t\t<div class=\"elementor-element elementor-element-c1e65f7 elementor-widget elementor-widget-text-editor\" data-id=\"c1e65f7\" data-element_type=\"widget\" data-e-type=\"widget\" data-widget_type=\"text-editor.default\">\n\t\t\t\t<div class=\"elementor-widget-container\">\n\t\t\t\t\t\t\t\t\t<p><img loading=\"lazy\" decoding=\"async\" class=\"alignnone size-full wp-image-5568\" src=\"https:\/\/www.davidson.mc\/wp-content\/uploads\/2022\/04\/properties.jpg\" alt=\"\" width=\"200\" height=\"29\" \/><\/p>\n<ul>\n<li style=\"list-style-type: none; color: black;\">\n<ul>\n<li><a style=\"color: #000;\" href=\"https:\/\/www.davidson.mc\/la-proptech-avenir-de-limmobilier-monegasque\/\">La PropTech, avenir de l\u2019immobilier mon\u00e9gasque? <\/a><\/li>\n<\/ul>\n<\/li>\n<\/ul>\n\t\t\t\t\t\t\t\t<\/div>\n\t\t\t\t<\/div>\n\t\t\t\t<div class=\"elementor-element elementor-element-70133d8 elementor-widget-divider--view-line elementor-widget elementor-widget-divider\" data-id=\"70133d8\" data-element_type=\"widget\" data-e-type=\"widget\" data-widget_type=\"divider.default\">\n\t\t\t\t<div class=\"elementor-widget-container\">\n\t\t\t\t\t\t\t<div class=\"elementor-divider\">\n\t\t\t<span class=\"elementor-divider-separator\">\n\t\t\t\t\t\t<\/span>\n\t\t<\/div>\n\t\t\t\t\t\t<\/div>\n\t\t\t\t<\/div>\n\t\t\t\t<div class=\"elementor-element elementor-element-fe9efe0 elementor-widget elementor-widget-spacer\" data-id=\"fe9efe0\" data-element_type=\"widget\" data-e-type=\"widget\" data-widget_type=\"spacer.default\">\n\t\t\t\t<div class=\"elementor-widget-container\">\n\t\t\t\t\t\t\t<div class=\"elementor-spacer\">\n\t\t\t<div class=\"elementor-spacer-inner\"><\/div>\n\t\t<\/div>\n\t\t\t\t\t\t<\/div>\n\t\t\t\t<\/div>\n\t\t\t\t\t<\/div>\n\t\t<\/div>\n\t\t\t\t\t<\/div>\n\t\t<\/section>\n\t\t\t\t<\/div>\n\t\t","protected":false},"excerpt":{"rendered":"<p>Summary MEB: Monaco \u00e0 la conqu\u00eate de Duba\u00ef Bilan \u00e9conomique au 3e trimestre 2021 Budget 2022: \u00ab un gage de confiance envers l\u2019\u00e9conomie mon\u00e9gasque \u00bb Airport Promenade, porte d\u2019entr\u00e9e de Nice, pr\u00eat \u00e0 \u00eatre livr\u00e9 Un PIB \u00e0 la baisse UCAM : \u00ab Le t\u00e9l\u00e9ph\u00e9rique donnerait une image moderne de Monaco dans le monde\u00bb Le [&hellip;]<\/p>\n","protected":false},"author":18,"featured_media":0,"parent":7748,"menu_order":0,"comment_status":"closed","ping_status":"closed","template":"","meta":{"_seopress_robots_primary_cat":"","_seopress_titles_title":"Sommaire Monaco Economie 120 - Davidson Communication","_seopress_titles_desc":"Sommaire Monaco Economie 120","_seopress_robots_index":"","_monsterinsights_skip_tracking":false,"_monsterinsights_sitenote_active":false,"_monsterinsights_sitenote_note":"","_monsterinsights_sitenote_category":0,"footnotes":""},"class_list":["post-7827","page","type-page","status-publish","hentry"],"_links":{"self":[{"href":"https:\/\/www.davidson.mc\/en\/wp-json\/wp\/v2\/pages\/7827","targetHints":{"allow":["GET"]}}],"collection":[{"href":"https:\/\/www.davidson.mc\/en\/wp-json\/wp\/v2\/pages"}],"about":[{"href":"https:\/\/www.davidson.mc\/en\/wp-json\/wp\/v2\/types\/page"}],"author":[{"embeddable":true,"href":"https:\/\/www.davidson.mc\/en\/wp-json\/wp\/v2\/users\/18"}],"replies":[{"embeddable":true,"href":"https:\/\/www.davidson.mc\/en\/wp-json\/wp\/v2\/comments?post=7827"}],"version-history":[{"count":5,"href":"https:\/\/www.davidson.mc\/en\/wp-json\/wp\/v2\/pages\/7827\/revisions"}],"predecessor-version":[{"id":7880,"href":"https:\/\/www.davidson.mc\/en\/wp-json\/wp\/v2\/pages\/7827\/revisions\/7880"}],"up":[{"embeddable":true,"href":"https:\/\/www.davidson.mc\/en\/wp-json\/wp\/v2\/pages\/7748"}],"wp:attachment":[{"href":"https:\/\/www.davidson.mc\/en\/wp-json\/wp\/v2\/media?parent=7827"}],"curies":[{"name":"wp","href":"https:\/\/api.w.org\/{rel}","templated":true}]}}